{"id":899,"date":"2020-10-17T19:49:07","date_gmt":"2020-10-17T17:49:07","guid":{"rendered":"https:\/\/cinefest.de\/legal-notice\/"},"modified":"2020-10-17T19:49:11","modified_gmt":"2020-10-17T17:49:11","slug":"legal-notice","status":"publish","type":"page","link":"https:\/\/cinefest.de\/en\/legal-notice\/","title":{"rendered":"Legal Notice"},"content":{"rendered":"\t\t<div data-elementor-type=\"wp-page\" data-elementor-id=\"899\" class=\"elementor elementor-899 elementor-201\">\n\t\t\t\t\t\t<section class=\"elementor-section elementor-top-section elementor-element elementor-element-a007d2e elementor-section-boxed elementor-section-height-default elementor-section-height-default\" data-id=\"a007d2e\" data-element_type=\"section\" data-e-type=\"section\">\n\t\t\t\t\t\t<div class=\"elementor-container elementor-column-gap-default\">\n\t\t\t\t\t<div class=\"elementor-column elementor-col-100 elementor-top-column elementor-element elementor-element-2fbc959\" data-id=\"2fbc959\" data-element_type=\"column\" data-e-type=\"column\">\n\t\t\t<div class=\"elementor-widget-wrap elementor-element-populated\">\n\t\t\t\t\t\t<div class=\"elementor-element elementor-element-bd6940c elementor-widget elementor-widget-text-editor\" data-id=\"bd6940c\" data-element_type=\"widget\" data-e-type=\"widget\" data-widget_type=\"text-editor.default\">\n\t\t\t\t<div class=\"elementor-widget-container\">\n\t\t\t\t\t\t\t\t\t<p><a href=\"#legal-policy\">Legal Notice &#8211; english below<\/a><\/p>\n\t\t\t\t\t\t\t\t<\/div>\n\t\t\t\t<\/div>\n\t\t\t\t\t<\/div>\n\t\t<\/div>\n\t\t\t\t\t<\/div>\n\t\t<\/section>\n\t\t\t\t<section class=\"elementor-section elementor-top-section elementor-element elementor-element-93fa762 elementor-section-boxed elementor-section-height-default elementor-section-height-default\" data-id=\"93fa762\" data-element_type=\"section\" data-e-type=\"section\">\n\t\t\t\t\t\t<div class=\"elementor-container elementor-column-gap-default\">\n\t\t\t\t\t<div class=\"elementor-column elementor-col-100 elementor-top-column elementor-element elementor-element-614f5b5\" data-id=\"614f5b5\" data-element_type=\"column\" data-e-type=\"column\">\n\t\t\t<div class=\"elementor-widget-wrap elementor-element-populated\">\n\t\t\t\t\t\t<div class=\"elementor-element elementor-element-b6f6b29 elementor-widget elementor-widget-html\" data-id=\"b6f6b29\" data-element_type=\"widget\" data-e-type=\"widget\" data-widget_type=\"html.default\">\n\t\t\t\t<div class=\"elementor-widget-container\">\n\t\t\t\t\t<h1>Legal Notice<\/h1>\n<p id=\"m46\">CineGraph - Hamburgisches Centrum f\u00fcr Filmforschung e.V.<\/p>\n<p>Schillerstr. 43<\/p>\n<p>22767 Hamburg<\/p>\n<p>Deutschland<\/p>\n<h2 id=\"m56\">Kontaktm\u00f6glichkeiten<\/h2><p><strong>E-Mail-Adresse:<\/strong> <a href=\"mailto:desk@cinegraph.de\">desk@cinegraph.de<\/a><\/p>\n<p><strong>Telefon:<\/strong> +49-40352194<\/p>\n<p><strong>Fax:<\/strong> +49-40-345864<\/p>\n<p id=\"m153\"><strong>Vertretungsberechtigt:<\/strong> Vorstand: <br>Hans-Michael Bock <br>Stephanie Sch\u00f6nbeck <br>Karl Witte <br><br><b>Gesch\u00e4ftsf\u00fchrung: <\/b><br>Erika Wottrich<\/p><br><b>Website Design-Entwurf:<\/b><br> Mar\u00eda Jos\u00e9 Rosales Robles (Masterstudiengang Filmkulturerbe, Filmuniversit\u00e4t Babelsberg<\/p>\n<h2 id=\"m154\">Journalistisch-redaktionelle Angebote<\/h2><p><strong>Inhaltlich verantwortlich:<\/strong> Erika Wottrich (Adresse wie oben)<\/p>\n<h2 id=\"m58\">Angaben zum Unternehmen<\/h2><p><strong>Umsatzsteuer Identifikationsnummer (USt-ID):<\/strong> DE152678880<\/p>\n<h2 id=\"m151\">Register und Registernummer<\/h2><p>Vereinsregister<\/p>\n<p><strong>Gef\u00fchrt bei:<\/strong> Amtsgericht Hamburg<\/p>\n<p><strong>Nummer:<\/strong> VR 12197<\/p>\n<h2 id=\"m172\">Social Media und andere Onlinepr\u00e4senzen<\/h2><p><strong>Dieses Impressum gilt auch f\u00fcr die folgenden Social-Media-Pr\u00e4senzen und Onlineprofile:<\/strong> <\/p>\n<p><a href=\"https:\/\/www.facebook.com\/cinefest.de\" target=\"_blank\">https:\/\/www.facebook.com\/cinefest.de<\/a><\/p>\n<p><a href=\"https:\/\/www.instagram.com\/cinefest.de\/\" target=\"_blank\">https:\/\/www.instagram.com\/cinefest.de\/<\/a><\/p>\n<p><a href=\"https:\/\/twitter.com\/cinefestHamburg\" target=\"_blank\">https:\/\/twitter.com\/cinefestHamburg<\/a><\/p>\n<h2 id=\"m65\">Haftungs- und Schutzrechtshinweise<\/h2><p><strong>Haftungsausschluss<\/strong>: Die Inhalte dieses Onlineangebotes wurden sorgf\u00e4ltig und nach unserem aktuellen Kenntnisstand erstellt, dienen jedoch nur der Information und entfalten keine rechtlich bindende Wirkung, sofern es sich nicht um gesetzlich verpflichtende Informationen (z.B. das Impressum, die Datenschutzerkl\u00e4rung, AGB oder verpflichtende Belehrungen von Verbrauchern) handelt. Wir behalten uns vor, die Inhalte vollst\u00e4ndig oder teilweise zu \u00e4ndern oder zu l\u00f6schen, soweit vertragliche Verpflichtungen unber\u00fchrt bleiben. Alle Angebote sind freibleibend und unverbindlich. <\/p>\n<p><strong>Links auf fremde Webseiten<\/strong>: Inhalte fremder Webseiten, auf die wir direkt oder indirekt verweisen, liegen au\u00dferhalb unseres Verantwortungsbereiches und machen wir uns nicht zu Eigen. F\u00fcr alle Inhalte und insbesondere f\u00fcr Sch\u00e4den, die aus der Nutzung der in den verlinkten Webseiten aufrufbaren Informationen entstehen, haftet allein der Anbieter der verlinkten Webseiten.<\/p>\n<p><strong>Urheberrechte und Markenrechte<\/strong>: Alle auf dieser Website dargestellten Inhalte, wie Texte, Fotografien, Grafiken, Marken und Warenzeichen sind durch die jeweiligen Schutzrechte (Urheberrechte, Markenrechte) gesch\u00fctzt. Die Verwendung, Vervielf\u00e4ltigung usw. unterliegen unseren Rechten oder den Rechten der jeweiligen Urheber bzw. Rechteverwalter.<\/p>\n<p><strong>Hinweise auf Rechtsverst\u00f6\u00dfe<\/strong>: Sollten Sie innerhalb unseres Internetauftritts Rechtsverst\u00f6\u00dfe bemerken, bitten wir Sie uns auf diese hinzuweisen. Wir werden rechtswidrige Inhalte und Links nach Kenntnisnahme unverz\u00fcglich entfernen.<\/p>\n\t\t\t\t<\/div>\n\t\t\t\t<\/div>\n\t\t\t\t\t<\/div>\n\t\t<\/div>\n\t\t\t\t\t<\/div>\n\t\t<\/section>\n\t\t\t\t<section class=\"elementor-section elementor-top-section elementor-element elementor-element-c2df6e9 elementor-section-boxed elementor-section-height-default elementor-section-height-default\" data-id=\"c2df6e9\" data-element_type=\"section\" data-e-type=\"section\">\n\t\t\t\t\t\t<div class=\"elementor-container elementor-column-gap-default\">\n\t\t\t\t\t<div class=\"elementor-column elementor-col-100 elementor-top-column elementor-element elementor-element-0b7064c\" data-id=\"0b7064c\" data-element_type=\"column\" data-e-type=\"column\">\n\t\t\t<div class=\"elementor-widget-wrap elementor-element-populated\">\n\t\t\t\t\t\t<div class=\"elementor-element elementor-element-0f4b893 elementor-widget elementor-widget-menu-anchor\" data-id=\"0f4b893\" data-element_type=\"widget\" data-e-type=\"widget\" data-widget_type=\"menu-anchor.default\">\n\t\t\t\t<div class=\"elementor-widget-container\">\n\t\t\t\t\t\t\t<div class=\"elementor-menu-anchor\" id=\"legal-notice\"><\/div>\n\t\t\t\t\t\t<\/div>\n\t\t\t\t<\/div>\n\t\t\t\t\t<\/div>\n\t\t<\/div>\n\t\t\t\t\t<\/div>\n\t\t<\/section>\n\t\t\t\t<section class=\"elementor-section elementor-top-section elementor-element elementor-element-3aa735a elementor-section-boxed elementor-section-height-default elementor-section-height-default\" data-id=\"3aa735a\" data-element_type=\"section\" data-e-type=\"section\">\n\t\t\t\t\t\t<div class=\"elementor-container elementor-column-gap-default\">\n\t\t\t\t\t<div class=\"elementor-column elementor-col-100 elementor-top-column elementor-element elementor-element-c05d6ea\" data-id=\"c05d6ea\" data-element_type=\"column\" data-e-type=\"column\">\n\t\t\t<div class=\"elementor-widget-wrap elementor-element-populated\">\n\t\t\t\t\t\t<div class=\"elementor-element elementor-element-340bbb1 elementor-widget elementor-widget-html\" data-id=\"340bbb1\" data-element_type=\"widget\" data-e-type=\"widget\" data-widget_type=\"html.default\">\n\t\t\t\t<div class=\"elementor-widget-container\">\n\t\t\t\t\t<h1>Legal Notice<\/h1>\n<h2 id=\"m46\">Provider<\/h2>\n<p>CineGraph - Hamburgisches Centrum f\u00fcr Filmforschung e.V.<\/p>\n<p>Schillerstr. 43<\/p>\n<p>22767 Hamburg<\/p>\n<p>Germany<\/p>\n<h2 id=\"m56\">Contact Options<\/h2><p><strong>E-Mail Address:<\/strong> <a href=\"mailto:desk@cinegraph.de\">desk@cinegraph.de<\/a><\/p>\n<p><strong>Phone:<\/strong> +49-40-352194<\/p>\n<p><strong>Fax:<\/strong> +49-40-345864<\/p>\n<h2 id=\"m153\">Representatives<\/h2><p><strong>Representative\/s:<\/strong> Chair persons: <br>Hans-Michael Bock <br>Stephanie Sch\u00f6nbeck <br>Karl Witte <br><br>Manager: <br>Erika Wottrich<\/p>\n<h2 id=\"m154\">Journalistic-Editorial Services<\/h2><p><strong>Responsible for content:<\/strong> Erika Wottrich (Adresse wie oben)<\/p>\n<h2 id=\"m58\">Company Details<\/h2><p><strong>VAT identification number:<\/strong> DE152678880<\/p>\n<h2 id=\"m151\">Register, Type of Register and Register Number<\/h2><p>Register of Associations<\/p>\n<p><strong>The register is administered by:<\/strong> Local Court Hamburg<\/p>\n<p><strong>Register number:<\/strong> VR 12197<\/p>\n<h2 id=\"m172\">Social Media Accounts and other Online Profiles<\/h2><p><strong>This legal notice also applies to the following social media accounts and online profiles:<\/strong> <\/p>\n<p><a href=\"https:\/\/www.facebook.com\/cinefest.de\" target=\"_blank\">https:\/\/www.facebook.com\/cinefest.de<\/a><\/p>\n<p><a href=\"https:\/\/www.instagram.com\/cinefest.de\/\" target=\"_blank\">https:\/\/www.instagram.com\/cinefest.de\/<\/a><\/p>\n<p><a href=\"https:\/\/twitter.com\/cinefestHamburg\" target=\"_blank\">https:\/\/twitter.com\/cinefestHamburg<\/a><\/p>\n<h2 id=\"m65\">Liability and Intellectual Property Rights Information<\/h2><p><strong>Liability Disclaimer<\/strong>: While the content of this website has been put together with great care and reflects our current knowledge, it is provided for information purposes without being legally binding, unless the disclosure of this information is required by law (e.g. the legal information), the privacy policy, terms and conditions or mandatory instructions for consumers) . We reserve the right to modify or delete the content, whether in full or in part, provided this does not affect our existing contractual obligations. All website content is subject to change and non-binding. <\/p>\n<p><strong>Link Disclaimer<\/strong>: We do not accept any responsibility for or endorse the content of external websites we link to, whether directly or indirectly. The providers of the linked websites are solely responsible for all content presented on their websites and in particular, any damage resulting from the use the information offered on their websites.<\/p>\n<p><strong>Copyrights and Trademarks<\/strong>: All contents presented on this website, such as texts, photographs, graphics, brands and trademarks are protected by the respective intellectual property rights (copyrights, trademark rights). The use, reproduction, etc. are subject to our rights or the rights of the respective authors or rights owners.<\/p>\n<p><strong>Information on legal infringements<\/strong>: Please notify us if you notice any rights violations on our website. Once notified, we will promptly remove any illegal content or links.<\/p>\n\t\t\t\t<\/div>\n\t\t\t\t<\/div>\n\t\t\t\t\t<\/div>\n\t\t<\/div>\n\t\t\t\t\t<\/div>\n\t\t<\/section>\n\t\t\t\t<\/div>\n\t\t","protected":false},"excerpt":{"rendered":"<p>Legal Notice &#8211; english below Legal Notice CineGraph &#8211; Hamburgisches Centrum f\u00fcr Filmforschung e.V. Schillerstr. 43 22767 Hamburg Deutschland Kontaktm\u00f6glichkeiten E-Mail-Adresse: desk@cinegraph.de Telefon: +49-40352194 Fax: +49-40-345864 Vertretungsberechtigt: Vorstand: Hans-Michael Bock&hellip;&nbsp;<a href=\"https:\/\/cinefest.de\/en\/legal-notice\/\" rel=\"bookmark\">Read More &raquo;<span class=\"screen-reader-text\">Legal Notice<\/span><\/a><\/p>\n","protected":false},"author":1,"featured_media":0,"parent":0,"menu_order":0,"comment_status":"closed","ping_status":"closed","template":"page-templates\/template-pagebuilder-full-width.php","meta":{"neve_meta_sidebar":"full-width","neve_meta_container":"","neve_meta_enable_content_width":"on","neve_meta_content_width":100,"neve_meta_title_alignment":"","neve_meta_author_avatar":"","neve_post_elements_order":"","neve_meta_disable_header":"","neve_meta_disable_footer":"","neve_meta_disable_title":"","neve_meta_reading_time":"","_themeisle_gutenberg_block_has_review":false,"footnotes":""},"folder":[],"class_list":["post-899","page","type-page","status-publish","hentry"],"yoast_head":"<!-- This site is optimized with the Yoast SEO plugin v27.2 - https:\/\/yoast.com\/product\/yoast-seo-wordpress\/ -->\n<title>Legal Notice - cinefest.de<\/title>\n<meta name=\"robots\" content=\"index, follow, max-snippet:-1, max-image-preview:large, max-video-preview:-1\" \/>\n<link rel=\"canonical\" href=\"https:\/\/cinefest.de\/en\/legal-notice\/\" \/>\n<meta property=\"og:locale\" content=\"en_US\" \/>\n<meta property=\"og:type\" content=\"article\" \/>\n<meta property=\"og:title\" content=\"Legal Notice - cinefest.de\" \/>\n<meta property=\"og:description\" content=\"Legal Notice &#8211; english below Legal Notice CineGraph &#8211; Hamburgisches Centrum f\u00fcr Filmforschung e.V. Schillerstr. 43 22767 Hamburg Deutschland Kontaktm\u00f6glichkeiten E-Mail-Adresse: desk@cinegraph.de Telefon: +49-40352194 Fax: +49-40-345864 Vertretungsberechtigt: Vorstand: Hans-Michael Bock&hellip;&nbsp;Read More &raquo;Legal Notice\" \/>\n<meta property=\"og:url\" content=\"https:\/\/cinefest.de\/en\/legal-notice\/\" \/>\n<meta property=\"og:site_name\" content=\"cinefest.de\" \/>\n<meta property=\"article:modified_time\" content=\"2020-10-17T17:49:11+00:00\" \/>\n<meta name=\"twitter:card\" content=\"summary_large_image\" \/>\n<meta name=\"twitter:label1\" content=\"Est. reading time\" \/>\n\t<meta name=\"twitter:data1\" content=\"3 minutes\" \/>\n<script type=\"application\/ld+json\" class=\"yoast-schema-graph\">{\"@context\":\"https:\/\/schema.org\",\"@graph\":[{\"@type\":\"WebPage\",\"@id\":\"https:\/\/cinefest.de\/en\/legal-notice\/\",\"url\":\"https:\/\/cinefest.de\/en\/legal-notice\/\",\"name\":\"Legal Notice - cinefest.de\",\"isPartOf\":{\"@id\":\"https:\/\/cinefest.de\/#website\"},\"datePublished\":\"2020-10-17T17:49:07+00:00\",\"dateModified\":\"2020-10-17T17:49:11+00:00\",\"breadcrumb\":{\"@id\":\"https:\/\/cinefest.de\/en\/legal-notice\/#breadcrumb\"},\"inLanguage\":\"en-US\",\"potentialAction\":[{\"@type\":\"ReadAction\",\"target\":[\"https:\/\/cinefest.de\/en\/legal-notice\/\"]}]},{\"@type\":\"BreadcrumbList\",\"@id\":\"https:\/\/cinefest.de\/en\/legal-notice\/#breadcrumb\",\"itemListElement\":[{\"@type\":\"ListItem\",\"position\":1,\"name\":\"Startseite\",\"item\":\"https:\/\/cinefest.de\/en\/home\/\"},{\"@type\":\"ListItem\",\"position\":2,\"name\":\"Legal Notice\"}]},{\"@type\":\"WebSite\",\"@id\":\"https:\/\/cinefest.de\/#website\",\"url\":\"https:\/\/cinefest.de\/\",\"name\":\"cinefest.de\",\"description\":\"Hamburg | Berlin | Gorizia | Prag | Wien | Wiesbaden | Z\u00fcrich\",\"publisher\":{\"@id\":\"https:\/\/cinefest.de\/#organization\"},\"potentialAction\":[{\"@type\":\"SearchAction\",\"target\":{\"@type\":\"EntryPoint\",\"urlTemplate\":\"https:\/\/cinefest.de\/?s={search_term_string}\"},\"query-input\":{\"@type\":\"PropertyValueSpecification\",\"valueRequired\":true,\"valueName\":\"search_term_string\"}}],\"inLanguage\":\"en-US\"},{\"@type\":\"Organization\",\"@id\":\"https:\/\/cinefest.de\/#organization\",\"name\":\"cinefest.de\",\"url\":\"https:\/\/cinefest.de\/\",\"logo\":{\"@type\":\"ImageObject\",\"inLanguage\":\"en-US\",\"@id\":\"https:\/\/cinefest.de\/#\/schema\/logo\/image\/\",\"url\":\"https:\/\/cinefest.de\/wp-content\/uploads\/2020\/10\/cropped-cinefest_Logo_RGB.png\",\"contentUrl\":\"https:\/\/cinefest.de\/wp-content\/uploads\/2020\/10\/cropped-cinefest_Logo_RGB.png\",\"width\":2528,\"height\":1262,\"caption\":\"cinefest.de\"},\"image\":{\"@id\":\"https:\/\/cinefest.de\/#\/schema\/logo\/image\/\"}}]}<\/script>\n<!-- \/ Yoast SEO plugin. -->","yoast_head_json":{"title":"Legal Notice - cinefest.de","robots":{"index":"index","follow":"follow","max-snippet":"max-snippet:-1","max-image-preview":"max-image-preview:large","max-video-preview":"max-video-preview:-1"},"canonical":"https:\/\/cinefest.de\/en\/legal-notice\/","og_locale":"en_US","og_type":"article","og_title":"Legal Notice - cinefest.de","og_description":"Legal Notice &#8211; english below Legal Notice CineGraph &#8211; Hamburgisches Centrum f\u00fcr Filmforschung e.V. Schillerstr. 43 22767 Hamburg Deutschland Kontaktm\u00f6glichkeiten E-Mail-Adresse: desk@cinegraph.de Telefon: +49-40352194 Fax: +49-40-345864 Vertretungsberechtigt: Vorstand: Hans-Michael Bock&hellip;&nbsp;Read More &raquo;Legal Notice","og_url":"https:\/\/cinefest.de\/en\/legal-notice\/","og_site_name":"cinefest.de","article_modified_time":"2020-10-17T17:49:11+00:00","twitter_card":"summary_large_image","twitter_misc":{"Est. reading time":"3 minutes"},"schema":{"@context":"https:\/\/schema.org","@graph":[{"@type":"WebPage","@id":"https:\/\/cinefest.de\/en\/legal-notice\/","url":"https:\/\/cinefest.de\/en\/legal-notice\/","name":"Legal Notice - cinefest.de","isPartOf":{"@id":"https:\/\/cinefest.de\/#website"},"datePublished":"2020-10-17T17:49:07+00:00","dateModified":"2020-10-17T17:49:11+00:00","breadcrumb":{"@id":"https:\/\/cinefest.de\/en\/legal-notice\/#breadcrumb"},"inLanguage":"en-US","potentialAction":[{"@type":"ReadAction","target":["https:\/\/cinefest.de\/en\/legal-notice\/"]}]},{"@type":"BreadcrumbList","@id":"https:\/\/cinefest.de\/en\/legal-notice\/#breadcrumb","itemListElement":[{"@type":"ListItem","position":1,"name":"Startseite","item":"https:\/\/cinefest.de\/en\/home\/"},{"@type":"ListItem","position":2,"name":"Legal Notice"}]},{"@type":"WebSite","@id":"https:\/\/cinefest.de\/#website","url":"https:\/\/cinefest.de\/","name":"cinefest.de","description":"Hamburg | Berlin | Gorizia | Prag | Wien | Wiesbaden | Z\u00fcrich","publisher":{"@id":"https:\/\/cinefest.de\/#organization"},"potentialAction":[{"@type":"SearchAction","target":{"@type":"EntryPoint","urlTemplate":"https:\/\/cinefest.de\/?s={search_term_string}"},"query-input":{"@type":"PropertyValueSpecification","valueRequired":true,"valueName":"search_term_string"}}],"inLanguage":"en-US"},{"@type":"Organization","@id":"https:\/\/cinefest.de\/#organization","name":"cinefest.de","url":"https:\/\/cinefest.de\/","logo":{"@type":"ImageObject","inLanguage":"en-US","@id":"https:\/\/cinefest.de\/#\/schema\/logo\/image\/","url":"https:\/\/cinefest.de\/wp-content\/uploads\/2020\/10\/cropped-cinefest_Logo_RGB.png","contentUrl":"https:\/\/cinefest.de\/wp-content\/uploads\/2020\/10\/cropped-cinefest_Logo_RGB.png","width":2528,"height":1262,"caption":"cinefest.de"},"image":{"@id":"https:\/\/cinefest.de\/#\/schema\/logo\/image\/"}}]}},"_links":{"self":[{"href":"https:\/\/cinefest.de\/en\/wp-json\/wp\/v2\/pages\/899","targetHints":{"allow":["GET"]}}],"collection":[{"href":"https:\/\/cinefest.de\/en\/wp-json\/wp\/v2\/pages"}],"about":[{"href":"https:\/\/cinefest.de\/en\/wp-json\/wp\/v2\/types\/page"}],"author":[{"embeddable":true,"href":"https:\/\/cinefest.de\/en\/wp-json\/wp\/v2\/users\/1"}],"replies":[{"embeddable":true,"href":"https:\/\/cinefest.de\/en\/wp-json\/wp\/v2\/comments?post=899"}],"version-history":[{"count":0,"href":"https:\/\/cinefest.de\/en\/wp-json\/wp\/v2\/pages\/899\/revisions"}],"wp:attachment":[{"href":"https:\/\/cinefest.de\/en\/wp-json\/wp\/v2\/media?parent=899"}],"wp:term":[{"taxonomy":"folder","embeddable":true,"href":"https:\/\/cinefest.de\/en\/wp-json\/wp\/v2\/folder?post=899"}],"curies":[{"name":"wp","href":"https:\/\/api.w.org\/{rel}","templated":true}]}}