{"id":893,"date":"2020-10-17T19:47:59","date_gmt":"2020-10-17T17:47:59","guid":{"rendered":"https:\/\/cinefest.de\/information-on-images-and-recordings\/"},"modified":"2020-10-17T19:48:02","modified_gmt":"2020-10-17T17:48:02","slug":"information-on-images-and-recordings","status":"publish","type":"page","link":"https:\/\/cinefest.de\/en\/information-on-images-and-recordings\/","title":{"rendered":"Information on Images and Recordings"},"content":{"rendered":"\t\t<div data-elementor-type=\"wp-page\" data-elementor-id=\"893\" class=\"elementor elementor-893 elementor-205\">\n\t\t\t\t\t\t<section class=\"elementor-section elementor-top-section elementor-element elementor-element-8c10977 elementor-section-boxed elementor-section-height-default elementor-section-height-default\" data-id=\"8c10977\" data-element_type=\"section\" data-e-type=\"section\">\n\t\t\t\t\t\t<div class=\"elementor-container elementor-column-gap-default\">\n\t\t\t\t\t<div class=\"elementor-column elementor-col-100 elementor-top-column elementor-element elementor-element-6849531\" data-id=\"6849531\" data-element_type=\"column\" data-e-type=\"column\">\n\t\t\t<div class=\"elementor-widget-wrap elementor-element-populated\">\n\t\t\t\t\t\t<div class=\"elementor-element elementor-element-9c992a1 elementor-widget elementor-widget-text-editor\" data-id=\"9c992a1\" data-element_type=\"widget\" data-e-type=\"widget\" data-widget_type=\"text-editor.default\">\n\t\t\t\t<div class=\"elementor-widget-container\">\n\t\t\t\t\t\t\t\t\t<p><a href=\"#images-recordings\">english below<\/a><\/p>\n\t\t\t\t\t\t\t\t<\/div>\n\t\t\t\t<\/div>\n\t\t\t\t\t<\/div>\n\t\t<\/div>\n\t\t\t\t\t<\/div>\n\t\t<\/section>\n\t\t\t\t<section class=\"elementor-section elementor-top-section elementor-element elementor-element-989c233 elementor-section-boxed elementor-section-height-default elementor-section-height-default\" data-id=\"989c233\" data-element_type=\"section\" data-e-type=\"section\">\n\t\t\t\t\t\t<div class=\"elementor-container elementor-column-gap-default\">\n\t\t\t\t\t<div class=\"elementor-column elementor-col-100 elementor-top-column elementor-element elementor-element-a8455c3\" data-id=\"a8455c3\" data-element_type=\"column\" data-e-type=\"column\">\n\t\t\t<div class=\"elementor-widget-wrap elementor-element-populated\">\n\t\t\t\t\t\t<div class=\"elementor-element elementor-element-ad5ae1e elementor-widget elementor-widget-text-editor\" data-id=\"ad5ae1e\" data-element_type=\"widget\" data-e-type=\"widget\" data-widget_type=\"text-editor.default\">\n\t\t\t\t<div class=\"elementor-widget-container\">\n\t\t\t\t\t\t\t\t\t<h1>Hinweise auf Foto- und Videoaufnahmen<\/h1>\n<p>Im Rahmen der Veranstaltung werden Bildaufnahmen erstellt. Nachfolgend informieren wir Sie \u00fcber die Art und Zwecke der Bildaufnahmen, \u00fcber die Rechtsgrundlagen und Ihre Rechte.<\/p>\n<p><strong id=\"m775\">Die Bildaufnahmen werden zu den folgenden Zwecken verwendet<\/strong>: Bereitstellung der Aufnahmen f\u00fcr die Teilnehmer; Interne Bilddatenbank, bzw. Bildarchiv; Vereinsinterne Nutzung; Verwendung im internen Netzwerk (Intranet); Bereitstellung an Sponsoren\/ Partner; Pr\u00e4sentation und Bewerbung unser eigenen Leistungen; Hinweise auf weitere und auf \u00e4hnliche Veranstaltungen; Unsere eigenen Printmedien und vergleichbaren Publikationen; Werbezwecke; \u00d6ffentliche Berichterstattung \u00fcber die Veranstaltung; \u00d6ffentlichkeitsarbeit; Verwendung auf unserer Website; Ver\u00f6ffentlichung in sozialen Medien; Ver\u00f6ffentlichung im TV\/ Fernsehen; F\u00fcr jedermann zug\u00e4ngliche und nutzbare Bilddatenbank, bzw. Bildarchiv (z.B. Bilddownloadbereich mit einer Medienauswahl f\u00fcr Berichtszwecke); Verwendung durch Presse und Medien; K\u00fcnstlerische Zwecke; Referenz f\u00fcr Fotografin\/en; Verwendung in Videoproduktionen; Videoberichterstattung zur Veranstaltung; Verwendung f\u00fcr Unterricht\/Lehre; Vortrags- und Anschauungszwecke;<\/p>\n<p>Live-Streaming<\/p>\n<p><strong>Art der Aufnahmen<\/strong>: Fotografien und Videoaufnahmen.<\/p>\n<p><strong>Rechtsgrundlagen der Aufnahmen<\/strong>: Berechtigte Interessen an der Nutzung der Aufnahmen zu den vorgenannten Zwecken gem. Art. 6 Abs. 1 S. 1 lit. f., 85 DSGVO in Verbindung mit \u00a7\u00a7 22, 23 KUG.<\/p>\n<p><strong id=\"m788\">Aufbewahrungsdauer der Bildaufnahmen<\/strong>: Die Bildaufnahmen werden solange aufbewahrt, wie das zu den vorgenannten Zwecken erforderlich ist. Die Bildaufnahmen k\u00f6nnen intern unbeschr\u00e4nkt aufbewahrt werden, z.B. zur Sicherung von urheberrechtlichen Rechtsanspr\u00fcchen durch Nachweis von Originalaufnahmen und dar\u00fcber hinaus aus Gr\u00fcnden zeitgeschichtlicher Dokumentation. Im Fall der Ver\u00f6ffentlichung, k\u00f6nnen die Aufnahmen solange publiziert werden, wie die jeweiligen Publikationstr\u00e4ger, Artikel oder Beitr\u00e4ge \u00f6ffentlich zug\u00e4nglich sind. <\/p>\n<p><strong id=\"m786\">Hinweise auf Bildaufnahmen Dritter<\/strong>: Bildaufnahmen k\u00f6nnen auch von den Teilnehmern der Veranstaltung in deren eigener Verantwortung erstellt werden. Wir bitten die Teilnehmer um gegenseitige R\u00fccksichtnahme auf ihre Pers\u00f6nlichkeitsrechte. W\u00e4hrend der Veranstaltung k\u00f6nnen Medienvertreter vor Ort sein und in eigener Verantwortung Bildaufnahmen erstellen.<\/p>\n<p><strong>Verantwortlicher:<\/strong><\/p>\n<p>CineGraph &#8211; Hamburgisches Centrum f\u00fcr Filmforschung e.V.<br \/>Schillerstr. 43<br \/>22767 Hamburg<br \/>Deutschland<\/p>\n<p><strong>E-Mail-Adresse:<\/strong> <a href=\"mailto:desk@cinegraph.de\">desk@cinegraph.de<\/a><\/p>\n<p><strong>Telefon:<\/strong> +49-40-352194<\/p>\n<p><strong>Datenschutzerkl\u00e4rung:<\/strong> <a href=\"https:\/\/cinefest.de\/datenschutz\/\" target=\"_blank\" rel=\"noopener\">https:\/\/cinefest.de\/datenschutz\/<\/a><\/p>\n<p><strong id=\"m770\">Ihre Rechte<\/strong>: Sie k\u00f6nnen Ihr Recht auf Auskunft oder Berichtigung, L\u00f6schung und Einschr\u00e4nkung der Verarbeitung der Fotografien geltend machen und k\u00f6nnen sich bei der zust\u00e4ndigen Aufsichtsbeh\u00f6rde beschweren. Sie k\u00f6nnen der Verarbeitung von Aufnahmen und Daten, die Sie betreffen jederzeit widersprechen.<\/p>\n<p class=\"seal\"><a title=\"Rechtstext von Dr. Schwenke - f\u00fcr weitere Informationen bitte anklicken.\" href=\"https:\/\/datenschutz-generator.de\/?l=de\" target=\"_blank\" rel=\"noopener noreferrer nofollow\">Erstellt mit dem Datenschutz-Generator.de von Dr. Thomas Schwenke<\/a><\/p>\n\t\t\t\t\t\t\t\t<\/div>\n\t\t\t\t<\/div>\n\t\t\t\t\t<\/div>\n\t\t<\/div>\n\t\t\t\t\t<\/div>\n\t\t<\/section>\n\t\t\t\t<section class=\"elementor-section elementor-top-section elementor-element elementor-element-f145d0b elementor-section-boxed elementor-section-height-default elementor-section-height-default\" data-id=\"f145d0b\" data-element_type=\"section\" data-e-type=\"section\">\n\t\t\t\t\t\t<div class=\"elementor-container elementor-column-gap-default\">\n\t\t\t\t\t<div class=\"elementor-column elementor-col-100 elementor-top-column elementor-element elementor-element-65a039f\" data-id=\"65a039f\" data-element_type=\"column\" data-e-type=\"column\">\n\t\t\t<div class=\"elementor-widget-wrap elementor-element-populated\">\n\t\t\t\t\t\t<div class=\"elementor-element elementor-element-d043188 elementor-widget elementor-widget-menu-anchor\" data-id=\"d043188\" data-element_type=\"widget\" data-e-type=\"widget\" data-widget_type=\"menu-anchor.default\">\n\t\t\t\t<div class=\"elementor-widget-container\">\n\t\t\t\t\t\t\t<div class=\"elementor-menu-anchor\" id=\"images-recordings\"><\/div>\n\t\t\t\t\t\t<\/div>\n\t\t\t\t<\/div>\n\t\t\t\t\t<\/div>\n\t\t<\/div>\n\t\t\t\t\t<\/div>\n\t\t<\/section>\n\t\t\t\t<section class=\"elementor-section elementor-top-section elementor-element elementor-element-2a494a8 elementor-section-boxed elementor-section-height-default elementor-section-height-default\" data-id=\"2a494a8\" data-element_type=\"section\" data-e-type=\"section\">\n\t\t\t\t\t\t<div class=\"elementor-container elementor-column-gap-default\">\n\t\t\t\t\t<div class=\"elementor-column elementor-col-100 elementor-top-column elementor-element elementor-element-e973631\" data-id=\"e973631\" data-element_type=\"column\" data-e-type=\"column\">\n\t\t\t<div class=\"elementor-widget-wrap elementor-element-populated\">\n\t\t\t\t\t\t<div class=\"elementor-element elementor-element-fd72903 elementor-widget elementor-widget-text-editor\" data-id=\"fd72903\" data-element_type=\"widget\" data-e-type=\"widget\" data-widget_type=\"text-editor.default\">\n\t\t\t\t<div class=\"elementor-widget-container\">\n\t\t\t\t\t\t\t\t\t<h1>Information on Images and Recordings<\/h1>\n<p>During the event, images will be taken and\/or recorded . In the following, we will inform you about the type, the purpose of the images as well as the legal basis and your rights.<\/p>\n<p><strong id=\"m775\">The images and\/or recordings are used for the following purposes<\/strong>: Providing the images for the participants; Internal image database or archive; Use within the organisation\/association; Use in the internal network (Intranet); Provision to sponsors\/ partners; Presentation and promotion of our own services; Information on other and similar events; Our own print media and comparable publications; Advertising purposes Public reporting about the event; Public Relations; Use on our website; Publication in social media; Publication on television; An image database or image archive accessible and usable by everyone (e.g. image download area with a media selection for editorial purposes); Use by press and media; Artistic purposes; Reference for the photographer; Use in video productions; Video coverage of the event; Use in lessons\/teaching; Presentation and and demonstration purposes;<\/p>\n<p>Live-Streaming<\/p>\n<p><strong>Type of images<\/strong>: Photographs and video recordings.<\/p>\n<p><strong>Legal basis<\/strong>: Legitimate interests in the use of the images and\/or recordings for the aforementioned purposes according to Article 6 (1) (f), 85 GDPR in conjunction with \u00a7\u00a7 22, 23 KUG.<\/p>\n<p><strong id=\"m788\">Storage time of the Image Recordings<\/strong>: The images shall be retained for as long as is necessary for the purposes set out above. The images can be stored internally without restriction, e.g. to secure copyright claims by providing evidence of original recordings and furthermore for reasons of historical documentation. In the case of publication, the images can be published as long as the respective publication media, articles or contributions are publicly accessible. <\/p>\n<p><strong id=\"m786\">Information on Third Party Photographs and Recordings<\/strong>: Participants of the event can also take photographs or recordings on their own responsibility. We ask the participants to respect each other&#8217;s personal rights. During the event media representatives may be on site and take pictures on their own responsibility.<\/p>\n<p><strong>Controller:<\/strong><\/p>\n<p>CineGraph &#8211; Hamburgisches Centrum f\u00fcr Filmforschung e.V.<br \/>Schillerstr. 43<br \/>22767 Hamburg<br \/>Germany<\/p>\n<p><strong>E-mail address:<\/strong> <a href=\"mailto:desk@cinegraph.de\">desk@cinegraph.de<\/a><\/p>\n<p><strong>Phone:<\/strong> +49-40-352194<\/p>\n<p><strong>Privacy policy:<\/strong> <a href=\"https:\/\/cinefest.de\/datenschutz\/\" target=\"_blank\" rel=\"noopener\">https:\/\/cinefest.de\/datenschutz\/<\/a><\/p>\n<p><strong id=\"m770\">Your Rights<\/strong>: You may exercise your right to access or rectify, delete and restrict the processing of photographs and you may complain to the competent supervisory authority. You may object to the processing of photographs and data concerning you at any time.<\/p>\n<p class=\"seal\"><a title=\"Legal text by Dr. Schwenke - please click for further information.\" href=\"https:\/\/datenschutz-generator.de\/?l=en\" target=\"_blank\" rel=\"noopener noreferrer nofollow\">Created with Datenschutz-Generator.de by Dr. jur. Thomas Schwenke<\/a><\/p>\n\t\t\t\t\t\t\t\t<\/div>\n\t\t\t\t<\/div>\n\t\t\t\t\t<\/div>\n\t\t<\/div>\n\t\t\t\t\t<\/div>\n\t\t<\/section>\n\t\t\t\t<\/div>\n\t\t","protected":false},"excerpt":{"rendered":"<p>english below Hinweise auf Foto- und Videoaufnahmen Im Rahmen der Veranstaltung werden Bildaufnahmen erstellt. Nachfolgend informieren wir Sie \u00fcber die Art und Zwecke der Bildaufnahmen, \u00fcber die Rechtsgrundlagen und Ihre&hellip;&nbsp;<a href=\"https:\/\/cinefest.de\/en\/information-on-images-and-recordings\/\" rel=\"bookmark\">Read More &raquo;<span class=\"screen-reader-text\">Information on Images and Recordings<\/span><\/a><\/p>\n","protected":false},"author":1,"featured_media":0,"parent":0,"menu_order":0,"comment_status":"closed","ping_status":"closed","template":"page-templates\/template-pagebuilder-full-width.php","meta":{"neve_meta_sidebar":"full-width","neve_meta_container":"","neve_meta_enable_content_width":"on","neve_meta_content_width":100,"neve_meta_title_alignment":"","neve_meta_author_avatar":"","neve_post_elements_order":"","neve_meta_disable_header":"","neve_meta_disable_footer":"","neve_meta_disable_title":"","neve_meta_reading_time":"","_themeisle_gutenberg_block_has_review":false,"footnotes":""},"folder":[],"class_list":["post-893","page","type-page","status-publish","hentry"],"yoast_head":"<!-- This site is optimized with the Yoast SEO plugin v27.2 - https:\/\/yoast.com\/product\/yoast-seo-wordpress\/ -->\n<title>Information on Images and Recordings - cinefest.de<\/title>\n<meta name=\"robots\" content=\"index, follow, max-snippet:-1, max-image-preview:large, max-video-preview:-1\" \/>\n<link rel=\"canonical\" href=\"https:\/\/cinefest.de\/en\/information-on-images-and-recordings\/\" \/>\n<meta property=\"og:locale\" content=\"en_US\" \/>\n<meta property=\"og:type\" content=\"article\" \/>\n<meta property=\"og:title\" content=\"Information on Images and Recordings - cinefest.de\" \/>\n<meta property=\"og:description\" content=\"english below Hinweise auf Foto- und Videoaufnahmen Im Rahmen der Veranstaltung werden Bildaufnahmen erstellt. Nachfolgend informieren wir Sie \u00fcber die Art und Zwecke der Bildaufnahmen, \u00fcber die Rechtsgrundlagen und Ihre&hellip;&nbsp;Read More &raquo;Information on Images and Recordings\" \/>\n<meta property=\"og:url\" content=\"https:\/\/cinefest.de\/en\/information-on-images-and-recordings\/\" \/>\n<meta property=\"og:site_name\" content=\"cinefest.de\" \/>\n<meta property=\"article:modified_time\" content=\"2020-10-17T17:48:02+00:00\" \/>\n<meta name=\"twitter:card\" content=\"summary_large_image\" \/>\n<meta name=\"twitter:label1\" content=\"Est. reading time\" \/>\n\t<meta name=\"twitter:data1\" content=\"4 minutes\" \/>\n<script type=\"application\/ld+json\" class=\"yoast-schema-graph\">{\"@context\":\"https:\/\/schema.org\",\"@graph\":[{\"@type\":\"WebPage\",\"@id\":\"https:\/\/cinefest.de\/en\/information-on-images-and-recordings\/\",\"url\":\"https:\/\/cinefest.de\/en\/information-on-images-and-recordings\/\",\"name\":\"Information on Images and Recordings - cinefest.de\",\"isPartOf\":{\"@id\":\"https:\/\/cinefest.de\/#website\"},\"datePublished\":\"2020-10-17T17:47:59+00:00\",\"dateModified\":\"2020-10-17T17:48:02+00:00\",\"breadcrumb\":{\"@id\":\"https:\/\/cinefest.de\/en\/information-on-images-and-recordings\/#breadcrumb\"},\"inLanguage\":\"en-US\",\"potentialAction\":[{\"@type\":\"ReadAction\",\"target\":[\"https:\/\/cinefest.de\/en\/information-on-images-and-recordings\/\"]}]},{\"@type\":\"BreadcrumbList\",\"@id\":\"https:\/\/cinefest.de\/en\/information-on-images-and-recordings\/#breadcrumb\",\"itemListElement\":[{\"@type\":\"ListItem\",\"position\":1,\"name\":\"Startseite\",\"item\":\"https:\/\/cinefest.de\/en\/home\/\"},{\"@type\":\"ListItem\",\"position\":2,\"name\":\"Information on Images and Recordings\"}]},{\"@type\":\"WebSite\",\"@id\":\"https:\/\/cinefest.de\/#website\",\"url\":\"https:\/\/cinefest.de\/\",\"name\":\"cinefest.de\",\"description\":\"Hamburg | Berlin | Gorizia | Prag | Wien | Wiesbaden | Z\u00fcrich\",\"publisher\":{\"@id\":\"https:\/\/cinefest.de\/#organization\"},\"potentialAction\":[{\"@type\":\"SearchAction\",\"target\":{\"@type\":\"EntryPoint\",\"urlTemplate\":\"https:\/\/cinefest.de\/?s={search_term_string}\"},\"query-input\":{\"@type\":\"PropertyValueSpecification\",\"valueRequired\":true,\"valueName\":\"search_term_string\"}}],\"inLanguage\":\"en-US\"},{\"@type\":\"Organization\",\"@id\":\"https:\/\/cinefest.de\/#organization\",\"name\":\"cinefest.de\",\"url\":\"https:\/\/cinefest.de\/\",\"logo\":{\"@type\":\"ImageObject\",\"inLanguage\":\"en-US\",\"@id\":\"https:\/\/cinefest.de\/#\/schema\/logo\/image\/\",\"url\":\"https:\/\/cinefest.de\/wp-content\/uploads\/2020\/10\/cropped-cinefest_Logo_RGB.png\",\"contentUrl\":\"https:\/\/cinefest.de\/wp-content\/uploads\/2020\/10\/cropped-cinefest_Logo_RGB.png\",\"width\":2528,\"height\":1262,\"caption\":\"cinefest.de\"},\"image\":{\"@id\":\"https:\/\/cinefest.de\/#\/schema\/logo\/image\/\"}}]}<\/script>\n<!-- \/ Yoast SEO plugin. -->","yoast_head_json":{"title":"Information on Images and Recordings - cinefest.de","robots":{"index":"index","follow":"follow","max-snippet":"max-snippet:-1","max-image-preview":"max-image-preview:large","max-video-preview":"max-video-preview:-1"},"canonical":"https:\/\/cinefest.de\/en\/information-on-images-and-recordings\/","og_locale":"en_US","og_type":"article","og_title":"Information on Images and Recordings - cinefest.de","og_description":"english below Hinweise auf Foto- und Videoaufnahmen Im Rahmen der Veranstaltung werden Bildaufnahmen erstellt. Nachfolgend informieren wir Sie \u00fcber die Art und Zwecke der Bildaufnahmen, \u00fcber die Rechtsgrundlagen und Ihre&hellip;&nbsp;Read More &raquo;Information on Images and Recordings","og_url":"https:\/\/cinefest.de\/en\/information-on-images-and-recordings\/","og_site_name":"cinefest.de","article_modified_time":"2020-10-17T17:48:02+00:00","twitter_card":"summary_large_image","twitter_misc":{"Est. reading time":"4 minutes"},"schema":{"@context":"https:\/\/schema.org","@graph":[{"@type":"WebPage","@id":"https:\/\/cinefest.de\/en\/information-on-images-and-recordings\/","url":"https:\/\/cinefest.de\/en\/information-on-images-and-recordings\/","name":"Information on Images and Recordings - cinefest.de","isPartOf":{"@id":"https:\/\/cinefest.de\/#website"},"datePublished":"2020-10-17T17:47:59+00:00","dateModified":"2020-10-17T17:48:02+00:00","breadcrumb":{"@id":"https:\/\/cinefest.de\/en\/information-on-images-and-recordings\/#breadcrumb"},"inLanguage":"en-US","potentialAction":[{"@type":"ReadAction","target":["https:\/\/cinefest.de\/en\/information-on-images-and-recordings\/"]}]},{"@type":"BreadcrumbList","@id":"https:\/\/cinefest.de\/en\/information-on-images-and-recordings\/#breadcrumb","itemListElement":[{"@type":"ListItem","position":1,"name":"Startseite","item":"https:\/\/cinefest.de\/en\/home\/"},{"@type":"ListItem","position":2,"name":"Information on Images and Recordings"}]},{"@type":"WebSite","@id":"https:\/\/cinefest.de\/#website","url":"https:\/\/cinefest.de\/","name":"cinefest.de","description":"Hamburg | Berlin | Gorizia | Prag | Wien | Wiesbaden | Z\u00fcrich","publisher":{"@id":"https:\/\/cinefest.de\/#organization"},"potentialAction":[{"@type":"SearchAction","target":{"@type":"EntryPoint","urlTemplate":"https:\/\/cinefest.de\/?s={search_term_string}"},"query-input":{"@type":"PropertyValueSpecification","valueRequired":true,"valueName":"search_term_string"}}],"inLanguage":"en-US"},{"@type":"Organization","@id":"https:\/\/cinefest.de\/#organization","name":"cinefest.de","url":"https:\/\/cinefest.de\/","logo":{"@type":"ImageObject","inLanguage":"en-US","@id":"https:\/\/cinefest.de\/#\/schema\/logo\/image\/","url":"https:\/\/cinefest.de\/wp-content\/uploads\/2020\/10\/cropped-cinefest_Logo_RGB.png","contentUrl":"https:\/\/cinefest.de\/wp-content\/uploads\/2020\/10\/cropped-cinefest_Logo_RGB.png","width":2528,"height":1262,"caption":"cinefest.de"},"image":{"@id":"https:\/\/cinefest.de\/#\/schema\/logo\/image\/"}}]}},"_links":{"self":[{"href":"https:\/\/cinefest.de\/en\/wp-json\/wp\/v2\/pages\/893","targetHints":{"allow":["GET"]}}],"collection":[{"href":"https:\/\/cinefest.de\/en\/wp-json\/wp\/v2\/pages"}],"about":[{"href":"https:\/\/cinefest.de\/en\/wp-json\/wp\/v2\/types\/page"}],"author":[{"embeddable":true,"href":"https:\/\/cinefest.de\/en\/wp-json\/wp\/v2\/users\/1"}],"replies":[{"embeddable":true,"href":"https:\/\/cinefest.de\/en\/wp-json\/wp\/v2\/comments?post=893"}],"version-history":[{"count":0,"href":"https:\/\/cinefest.de\/en\/wp-json\/wp\/v2\/pages\/893\/revisions"}],"wp:attachment":[{"href":"https:\/\/cinefest.de\/en\/wp-json\/wp\/v2\/media?parent=893"}],"wp:term":[{"taxonomy":"folder","embeddable":true,"href":"https:\/\/cinefest.de\/en\/wp-json\/wp\/v2\/folder?post=893"}],"curies":[{"name":"wp","href":"https:\/\/api.w.org\/{rel}","templated":true}]}}