{"id":887,"date":"2020-10-17T19:45:57","date_gmt":"2020-10-17T17:45:57","guid":{"rendered":"https:\/\/cinefest.de\/festival\/"},"modified":"2023-10-31T16:46:27","modified_gmt":"2023-10-31T15:46:27","slug":"festival","status":"publish","type":"page","link":"https:\/\/cinefest.de\/en\/festival\/","title":{"rendered":"Festival"},"content":{"rendered":"\t\t<div data-elementor-type=\"wp-page\" data-elementor-id=\"887\" class=\"elementor elementor-887 elementor-67\">\n\t\t\t\t\t\t<section class=\"elementor-section elementor-top-section elementor-element elementor-element-63a7515 elementor-section-boxed elementor-section-height-default elementor-section-height-default\" data-id=\"63a7515\" data-element_type=\"section\" data-e-type=\"section\">\n\t\t\t\t\t\t<div class=\"elementor-container elementor-column-gap-default\">\n\t\t\t\t\t<div class=\"elementor-column elementor-col-100 elementor-top-column elementor-element elementor-element-001d6ed\" data-id=\"001d6ed\" data-element_type=\"column\" data-e-type=\"column\">\n\t\t\t<div class=\"elementor-widget-wrap elementor-element-populated\">\n\t\t\t\t\t\t<div class=\"elementor-element elementor-element-f53db71 elementor-widget elementor-widget-text-editor\" data-id=\"f53db71\" data-element_type=\"widget\" data-e-type=\"widget\" data-widget_type=\"text-editor.default\">\n\t\t\t\t<div class=\"elementor-widget-container\">\n\t\t\t\t\t\t\t\t\t<h3><em>cinefest<\/em> \u2013 International Festival of German Film Heritage<\/h3><p>is organized by <strong>CineGraph Hamburg<\/strong> and <strong>Bundesarchiv <\/strong> in Zusammenarbeit in cooperation with numerous national and international institutions. <em>cinefest<\/em> sees itself as a forum for cineastes, film historians, archivists and technicians as part of a festival that presents well-known and forgotten film classics as well as treasures of German-language film heritage that were thought to be lost.<br \/>Part of the event in Hamburg is the traditional <a href=\"https:\/\/cinefest.de\/en\/program\/conference\/\" target=\"_blank\" rel=\"noopener\">International Film History Conference<\/a>.<\/p><p>The local partner of cinefest in Hamburg is the <a href=\"https:\/\/www.metropoliskino.de\/home\" target=\"_blank\" rel=\"noopener\">Kinemathek Hamburg e.V.<\/a><\/p><p>Following the events in Hamburg, parts of the film programme will go on tour to Berlin, Wiesbaden, Prague, Vienna and Zurich. Partners are the <a href=\"https:\/\/www.dhm.de\/zeughauskino\/\" target=\"_blank\" rel=\"noopener\">Zeughauskino<\/a> in the Deutsches Historisches Museum, the <a href=\"http:\/\/www.murnau-stiftung.de\/\" target=\"_blank\" rel=\"noopener\">Friedrich-Wilhelm-Murnau-Stiftung<\/a> in Wiesbaden, the <a href=\"http:\/\/www.nfa.cz\/\" target=\"_blank\" rel=\"noopener\">N\u00e1rodn\u00ed Filmov\u00fd Archiv<\/a> in Prague, the <a href=\"http:\/\/www.filmforumfestival.it\/\" target=\"_blank\" rel=\"noopener\">FilmForum<\/a> in Udine\/Gorizia, the <a href=\"http:\/\/www.filmarchiv.at\/\" target=\"_blank\" rel=\"noopener\">Filmarchiv Austria<\/a> in Vienna as well as the <a href=\"http:\/\/www.filmpodium.ch\/\" target=\"_blank\" rel=\"noopener\">Filmpodium Z\u00fcrich<\/a> and the <a href=\"http:\/\/www.cinematheque.ch\/\" target=\"_blank\" rel=\"noopener\">Cin\u00e9math\u00e8que Suisse<\/a>.<\/p>\t\t\t\t\t\t\t\t<\/div>\n\t\t\t\t<\/div>\n\t\t\t\t\t<\/div>\n\t\t<\/div>\n\t\t\t\t\t<\/div>\n\t\t<\/section>\n\t\t\t\t<\/div>\n\t\t","protected":false},"excerpt":{"rendered":"<p>cinefest \u2013 International Festival of German Film Heritage is organized by CineGraph Hamburg and Bundesarchiv in Zusammenarbeit in cooperation with numerous national and international institutions. cinefest sees itself as a&hellip;&nbsp;<a href=\"https:\/\/cinefest.de\/en\/festival\/\" rel=\"bookmark\">Read More &raquo;<span class=\"screen-reader-text\">Festival<\/span><\/a><\/p>\n","protected":false},"author":1,"featured_media":0,"parent":0,"menu_order":0,"comment_status":"closed","ping_status":"closed","template":"elementor_header_footer","meta":{"neve_meta_sidebar":"full-width","neve_meta_container":"","neve_meta_enable_content_width":"on","neve_meta_content_width":100,"neve_meta_title_alignment":"","neve_meta_author_avatar":"","neve_post_elements_order":"","neve_meta_disable_header":"","neve_meta_disable_footer":"","neve_meta_disable_title":"","neve_meta_reading_time":"","_themeisle_gutenberg_block_has_review":false,"footnotes":""},"folder":[],"class_list":["post-887","page","type-page","status-publish","hentry"],"yoast_head":"<!-- This site is optimized with the Yoast SEO plugin v27.2 - https:\/\/yoast.com\/product\/yoast-seo-wordpress\/ -->\n<title>Festival - cinefest.de<\/title>\n<meta name=\"robots\" content=\"index, follow, max-snippet:-1, max-image-preview:large, max-video-preview:-1\" \/>\n<link rel=\"canonical\" href=\"https:\/\/cinefest.de\/festival\/\" \/>\n<meta property=\"og:locale\" content=\"en_US\" \/>\n<meta property=\"og:type\" content=\"article\" \/>\n<meta property=\"og:title\" content=\"Festival - cinefest.de\" \/>\n<meta property=\"og:description\" content=\"cinefest \u2013 International Festival of German Film Heritage is organized by CineGraph Hamburg and Bundesarchiv in Zusammenarbeit in cooperation with numerous national and international institutions. cinefest sees itself as a&hellip;&nbsp;Read More &raquo;Festival\" \/>\n<meta property=\"og:url\" content=\"https:\/\/cinefest.de\/festival\/\" \/>\n<meta property=\"og:site_name\" content=\"cinefest.de\" \/>\n<meta property=\"article:modified_time\" content=\"2023-10-31T15:46:27+00:00\" \/>\n<meta name=\"twitter:card\" content=\"summary_large_image\" \/>\n<meta name=\"twitter:label1\" content=\"Est. reading time\" \/>\n\t<meta name=\"twitter:data1\" content=\"1 minute\" \/>\n<script type=\"application\/ld+json\" class=\"yoast-schema-graph\">{\"@context\":\"https:\/\/schema.org\",\"@graph\":[{\"@type\":\"WebPage\",\"@id\":\"https:\/\/cinefest.de\/festival\/\",\"url\":\"https:\/\/cinefest.de\/festival\/\",\"name\":\"Festival - cinefest.de\",\"isPartOf\":{\"@id\":\"https:\/\/cinefest.de\/#website\"},\"datePublished\":\"2020-10-17T17:45:57+00:00\",\"dateModified\":\"2023-10-31T15:46:27+00:00\",\"breadcrumb\":{\"@id\":\"https:\/\/cinefest.de\/festival\/#breadcrumb\"},\"inLanguage\":\"en-US\",\"potentialAction\":[{\"@type\":\"ReadAction\",\"target\":[\"https:\/\/cinefest.de\/festival\/\"]}]},{\"@type\":\"BreadcrumbList\",\"@id\":\"https:\/\/cinefest.de\/festival\/#breadcrumb\",\"itemListElement\":[{\"@type\":\"ListItem\",\"position\":1,\"name\":\"Startseite\",\"item\":\"https:\/\/cinefest.de\/en\/home\/\"},{\"@type\":\"ListItem\",\"position\":2,\"name\":\"Festival\"}]},{\"@type\":\"WebSite\",\"@id\":\"https:\/\/cinefest.de\/#website\",\"url\":\"https:\/\/cinefest.de\/\",\"name\":\"cinefest.de\",\"description\":\"Hamburg | Berlin | Gorizia | Prag | Wien | Wiesbaden | Z\u00fcrich\",\"publisher\":{\"@id\":\"https:\/\/cinefest.de\/#organization\"},\"potentialAction\":[{\"@type\":\"SearchAction\",\"target\":{\"@type\":\"EntryPoint\",\"urlTemplate\":\"https:\/\/cinefest.de\/?s={search_term_string}\"},\"query-input\":{\"@type\":\"PropertyValueSpecification\",\"valueRequired\":true,\"valueName\":\"search_term_string\"}}],\"inLanguage\":\"en-US\"},{\"@type\":\"Organization\",\"@id\":\"https:\/\/cinefest.de\/#organization\",\"name\":\"cinefest.de\",\"url\":\"https:\/\/cinefest.de\/\",\"logo\":{\"@type\":\"ImageObject\",\"inLanguage\":\"en-US\",\"@id\":\"https:\/\/cinefest.de\/#\/schema\/logo\/image\/\",\"url\":\"https:\/\/cinefest.de\/wp-content\/uploads\/2020\/10\/cropped-cinefest_Logo_RGB.png\",\"contentUrl\":\"https:\/\/cinefest.de\/wp-content\/uploads\/2020\/10\/cropped-cinefest_Logo_RGB.png\",\"width\":2528,\"height\":1262,\"caption\":\"cinefest.de\"},\"image\":{\"@id\":\"https:\/\/cinefest.de\/#\/schema\/logo\/image\/\"}}]}<\/script>\n<!-- \/ Yoast SEO plugin. -->","yoast_head_json":{"title":"Festival - cinefest.de","robots":{"index":"index","follow":"follow","max-snippet":"max-snippet:-1","max-image-preview":"max-image-preview:large","max-video-preview":"max-video-preview:-1"},"canonical":"https:\/\/cinefest.de\/festival\/","og_locale":"en_US","og_type":"article","og_title":"Festival - cinefest.de","og_description":"cinefest \u2013 International Festival of German Film Heritage is organized by CineGraph Hamburg and Bundesarchiv in Zusammenarbeit in cooperation with numerous national and international institutions. cinefest sees itself as a&hellip;&nbsp;Read More &raquo;Festival","og_url":"https:\/\/cinefest.de\/festival\/","og_site_name":"cinefest.de","article_modified_time":"2023-10-31T15:46:27+00:00","twitter_card":"summary_large_image","twitter_misc":{"Est. reading time":"1 minute"},"schema":{"@context":"https:\/\/schema.org","@graph":[{"@type":"WebPage","@id":"https:\/\/cinefest.de\/festival\/","url":"https:\/\/cinefest.de\/festival\/","name":"Festival - cinefest.de","isPartOf":{"@id":"https:\/\/cinefest.de\/#website"},"datePublished":"2020-10-17T17:45:57+00:00","dateModified":"2023-10-31T15:46:27+00:00","breadcrumb":{"@id":"https:\/\/cinefest.de\/festival\/#breadcrumb"},"inLanguage":"en-US","potentialAction":[{"@type":"ReadAction","target":["https:\/\/cinefest.de\/festival\/"]}]},{"@type":"BreadcrumbList","@id":"https:\/\/cinefest.de\/festival\/#breadcrumb","itemListElement":[{"@type":"ListItem","position":1,"name":"Startseite","item":"https:\/\/cinefest.de\/en\/home\/"},{"@type":"ListItem","position":2,"name":"Festival"}]},{"@type":"WebSite","@id":"https:\/\/cinefest.de\/#website","url":"https:\/\/cinefest.de\/","name":"cinefest.de","description":"Hamburg | Berlin | Gorizia | Prag | Wien | Wiesbaden | Z\u00fcrich","publisher":{"@id":"https:\/\/cinefest.de\/#organization"},"potentialAction":[{"@type":"SearchAction","target":{"@type":"EntryPoint","urlTemplate":"https:\/\/cinefest.de\/?s={search_term_string}"},"query-input":{"@type":"PropertyValueSpecification","valueRequired":true,"valueName":"search_term_string"}}],"inLanguage":"en-US"},{"@type":"Organization","@id":"https:\/\/cinefest.de\/#organization","name":"cinefest.de","url":"https:\/\/cinefest.de\/","logo":{"@type":"ImageObject","inLanguage":"en-US","@id":"https:\/\/cinefest.de\/#\/schema\/logo\/image\/","url":"https:\/\/cinefest.de\/wp-content\/uploads\/2020\/10\/cropped-cinefest_Logo_RGB.png","contentUrl":"https:\/\/cinefest.de\/wp-content\/uploads\/2020\/10\/cropped-cinefest_Logo_RGB.png","width":2528,"height":1262,"caption":"cinefest.de"},"image":{"@id":"https:\/\/cinefest.de\/#\/schema\/logo\/image\/"}}]}},"_links":{"self":[{"href":"https:\/\/cinefest.de\/en\/wp-json\/wp\/v2\/pages\/887","targetHints":{"allow":["GET"]}}],"collection":[{"href":"https:\/\/cinefest.de\/en\/wp-json\/wp\/v2\/pages"}],"about":[{"href":"https:\/\/cinefest.de\/en\/wp-json\/wp\/v2\/types\/page"}],"author":[{"embeddable":true,"href":"https:\/\/cinefest.de\/en\/wp-json\/wp\/v2\/users\/1"}],"replies":[{"embeddable":true,"href":"https:\/\/cinefest.de\/en\/wp-json\/wp\/v2\/comments?post=887"}],"version-history":[{"count":0,"href":"https:\/\/cinefest.de\/en\/wp-json\/wp\/v2\/pages\/887\/revisions"}],"wp:attachment":[{"href":"https:\/\/cinefest.de\/en\/wp-json\/wp\/v2\/media?parent=887"}],"wp:term":[{"taxonomy":"folder","embeddable":true,"href":"https:\/\/cinefest.de\/en\/wp-json\/wp\/v2\/folder?post=887"}],"curies":[{"name":"wp","href":"https:\/\/api.w.org\/{rel}","templated":true}]}}