{"id":6173,"date":"2022-01-11T14:50:23","date_gmt":"2022-01-11T13:50:23","guid":{"rendered":"https:\/\/cinefest.de\/festival\/archive\/forum-2021\/"},"modified":"2022-11-04T14:11:20","modified_gmt":"2022-11-04T13:11:20","slug":"forum-2021","status":"publish","type":"page","link":"https:\/\/cinefest.de\/en\/festival\/archive\/forum-2021\/","title":{"rendered":"Forum 2021"},"content":{"rendered":"\t\t<div data-elementor-type=\"wp-page\" data-elementor-id=\"6173\" class=\"elementor elementor-6173 elementor-6076\">\n\t\t\t\t\t\t<section class=\"elementor-section elementor-top-section elementor-element elementor-element-23276c5 elementor-section-boxed elementor-section-height-default elementor-section-height-default\" data-id=\"23276c5\" data-element_type=\"section\" data-e-type=\"section\">\n\t\t\t\t\t\t<div class=\"elementor-container elementor-column-gap-default\">\n\t\t\t\t\t<div class=\"elementor-column elementor-col-100 elementor-top-column elementor-element elementor-element-df1d32c\" data-id=\"df1d32c\" data-element_type=\"column\" data-e-type=\"column\">\n\t\t\t<div class=\"elementor-widget-wrap elementor-element-populated\">\n\t\t\t\t\t\t<div class=\"elementor-element elementor-element-a5c618b elementor-widget elementor-widget-spacer\" data-id=\"a5c618b\" data-element_type=\"widget\" data-e-type=\"widget\" data-widget_type=\"spacer.default\">\n\t\t\t\t<div class=\"elementor-widget-container\">\n\t\t\t\t\t\t\t<div class=\"elementor-spacer\">\n\t\t\t<div class=\"elementor-spacer-inner\"><\/div>\n\t\t<\/div>\n\t\t\t\t\t\t<\/div>\n\t\t\t\t<\/div>\n\t\t\t\t<div class=\"elementor-element elementor-element-60bf7d2 elementor-widget elementor-widget-heading\" data-id=\"60bf7d2\" data-element_type=\"widget\" data-e-type=\"widget\" data-widget_type=\"heading.default\">\n\t\t\t\t<div class=\"elementor-widget-container\">\n\t\t\t\t\t<h3 class=\"elementor-heading-title elementor-size-default\">cine-Forum: Discussion with enthutiasts and experts <br>\n13 November 2021, 11 a.m. - 1 p.m.<br> at Metropolis Cinema<br>and online<br><br>\nFree Admission<\/h3>\t\t\t\t<\/div>\n\t\t\t\t<\/div>\n\t\t\t\t<div class=\"elementor-element elementor-element-e53ef38 elementor-widget elementor-widget-text-editor\" data-id=\"e53ef38\" data-element_type=\"widget\" data-e-type=\"widget\" data-widget_type=\"text-editor.default\">\n\t\t\t\t<div class=\"elementor-widget-container\">\n\t\t\t\t\t\t\t\t\t<p style=\"text-align: center;\">The event will be held in English!<\/p>\n\t\t\t\t\t\t\t\t<\/div>\n\t\t\t\t<\/div>\n\t\t\t\t\t<\/div>\n\t\t<\/div>\n\t\t\t\t\t<\/div>\n\t\t<\/section>\n\t\t\t\t<section class=\"elementor-section elementor-top-section elementor-element elementor-element-c566348 elementor-section-boxed elementor-section-height-default elementor-section-height-default\" data-id=\"c566348\" data-element_type=\"section\" data-e-type=\"section\">\n\t\t\t\t\t\t<div class=\"elementor-container elementor-column-gap-default\">\n\t\t\t\t\t<div class=\"elementor-column elementor-col-100 elementor-top-column elementor-element elementor-element-900d02f\" data-id=\"900d02f\" data-element_type=\"column\" data-e-type=\"column\">\n\t\t\t<div class=\"elementor-widget-wrap elementor-element-populated\">\n\t\t\t\t\t\t<div class=\"elementor-element elementor-element-3b42e60 elementor-widget elementor-widget-heading\" data-id=\"3b42e60\" data-element_type=\"widget\" data-e-type=\"widget\" data-widget_type=\"heading.default\">\n\t\t\t\t<div class=\"elementor-widget-container\">\n\t\t\t\t\t<h3 class=\"elementor-heading-title elementor-size-default\">Analog with distance<br>Film archives and the pandemic<\/h3>\t\t\t\t<\/div>\n\t\t\t\t<\/div>\n\t\t\t\t<div class=\"elementor-element elementor-element-48f74ce elementor-widget elementor-widget-text-editor\" data-id=\"48f74ce\" data-element_type=\"widget\" data-e-type=\"widget\" data-widget_type=\"text-editor.default\">\n\t\t\t\t<div class=\"elementor-widget-container\">\n\t\t\t\t\t\t\t\t\t<p>The spread of coronavirus has kept us on the edge of our seats since the beginning of last year. All areas of life were, and to a large extent still are, severely affected by the measures taken to contain the pandemic, including culture. In the discussions about the consequences of these developments, one area has received little public attention: Film archives. What impact do contact restrictions and closed cinemas have on the still largely analog work of archives? Already in the last 15 years, a precarious situation has arisen for the presentation of film heritage because of the digitization of cinemas, which today can only show analog copies in isolated cases. This is further reinforced when films are moved out of cinemas and uploaded to streaming platforms instead. However, access to analog film prints is not the only problem, but also the research of analog materials, which are essential for the preparation of congresses, archival film festivals, seminars and research work. What is the reaction of archivists, organizers, and researchers to this situation? Does the balancing act between deadlines and avoiding blind spots succeed? How far have the experiences of the restrictions provided a boost to digitization or rather shown the deficits even more clearly? We talk to organizers, archive staff and researchers about their experiences in recent months and discuss how film archives reacted to the new challenges and what consequences will be drawn for future work.<\/p>\n\t\t\t\t\t\t\t\t<\/div>\n\t\t\t\t<\/div>\n\t\t\t\t<div class=\"elementor-element elementor-element-d646961 elementor-widget elementor-widget-text-editor\" data-id=\"d646961\" data-element_type=\"widget\" data-e-type=\"widget\" data-widget_type=\"text-editor.default\">\n\t\t\t\t<div class=\"elementor-widget-container\">\n\t\t\t\t\t\t\t\t\t<p><span style=\"text-decoration: underline;\">Panel Participants<\/span><\/p>\n<ul>\n<li>Michal Bregant, N\u00e1rodn\u00ed filmov\u00fd archiv, Prag<\/li>\n<li>Eva N\u00e4ripea, National Archives Estonia<\/li>\n<li>Daniela Tamm and Adelheid Heftberger, Bundesarchiv<\/li>\n<li>Jay Weissberg, Le Giornate del Cinema Muto, Pordenone<\/li>\n<\/ul>\n\t\t\t\t\t\t\t\t<\/div>\n\t\t\t\t<\/div>\n\t\t\t\t<div class=\"elementor-element elementor-element-6108477 elementor-widget elementor-widget-text-editor\" data-id=\"6108477\" data-element_type=\"widget\" data-e-type=\"widget\" data-widget_type=\"text-editor.default\">\n\t\t\t\t<div class=\"elementor-widget-container\">\n\t\t\t\t\t\t\t\t\t<p><i>The forum took place both as a face-to-face event at the Metropolis Cinema and simultaneously as an online event (using the Zoom Webinar tool).<\/i><\/p>\n<p><em>On-site:<br \/><\/em>Kommunales Kino Metropolis<br \/>Kleine Theaterstr. 10 10<br \/>20354 Hamburg<br \/>Tel.: 040-342353<br \/><a href=\"https:\/\/www.metropoliskino.de\/home\" target=\"_blank\" rel=\"noopener\">www.metropoliskino.de<\/a><\/p>\n<p><em>Online:<br \/><\/em><em>Zoom webinar<\/em><\/p>\n<p><i>&nbsp;<\/i><\/p>\n\t\t\t\t\t\t\t\t<\/div>\n\t\t\t\t<\/div>\n\t\t\t\t\t<\/div>\n\t\t<\/div>\n\t\t\t\t\t<\/div>\n\t\t<\/section>\n\t\t\t\t<\/div>\n\t\t","protected":false},"excerpt":{"rendered":"<p>cine-Forum: Discussion with enthutiasts and experts 13 November 2021, 11 a.m. &#8211; 1 p.m. at Metropolis Cinemaand online Free Admission The event will be held in English! Analog with distanceFilm&hellip;&nbsp;<a href=\"https:\/\/cinefest.de\/en\/festival\/archive\/forum-2021\/\" rel=\"bookmark\">Read More &raquo;<span class=\"screen-reader-text\">Forum 2021<\/span><\/a><\/p>\n","protected":false},"author":1,"featured_media":0,"parent":780,"menu_order":0,"comment_status":"closed","ping_status":"closed","template":"page-templates\/template-pagebuilder-full-width.php","meta":{"neve_meta_sidebar":"full-width","neve_meta_container":"","neve_meta_enable_content_width":"on","neve_meta_content_width":100,"neve_meta_title_alignment":"","neve_meta_author_avatar":"","neve_post_elements_order":"","neve_meta_disable_header":"","neve_meta_disable_footer":"","neve_meta_disable_title":"","neve_meta_reading_time":"","_themeisle_gutenberg_block_has_review":false,"footnotes":""},"folder":[154],"class_list":["post-6173","page","type-page","status-publish","hentry"],"yoast_head":"<!-- This site is optimized with the Yoast SEO plugin v27.2 - https:\/\/yoast.com\/product\/yoast-seo-wordpress\/ -->\n<title>Forum 2021 - cinefest.de<\/title>\n<meta name=\"robots\" content=\"index, follow, max-snippet:-1, max-image-preview:large, max-video-preview:-1\" \/>\n<link rel=\"canonical\" href=\"https:\/\/cinefest.de\/festival\/archiv\/foren-2021\/\" \/>\n<meta property=\"og:locale\" content=\"en_US\" \/>\n<meta property=\"og:type\" content=\"article\" \/>\n<meta property=\"og:title\" content=\"Forum 2021 - cinefest.de\" \/>\n<meta property=\"og:description\" content=\"cine-Forum: Discussion with enthutiasts and experts 13 November 2021, 11 a.m. &#8211; 1 p.m. at Metropolis Cinemaand online Free Admission The event will be held in English! Analog with distanceFilm&hellip;&nbsp;Read More &raquo;Forum 2021\" \/>\n<meta property=\"og:url\" content=\"https:\/\/cinefest.de\/festival\/archiv\/foren-2021\/\" \/>\n<meta property=\"og:site_name\" content=\"cinefest.de\" \/>\n<meta property=\"article:modified_time\" content=\"2022-11-04T13:11:20+00:00\" \/>\n<meta name=\"twitter:card\" content=\"summary_large_image\" \/>\n<meta name=\"twitter:label1\" content=\"Est. reading time\" \/>\n\t<meta name=\"twitter:data1\" content=\"2 minutes\" \/>\n<script type=\"application\/ld+json\" class=\"yoast-schema-graph\">{\"@context\":\"https:\/\/schema.org\",\"@graph\":[{\"@type\":\"WebPage\",\"@id\":\"https:\/\/cinefest.de\/festival\/archiv\/foren-2021\/\",\"url\":\"https:\/\/cinefest.de\/festival\/archiv\/foren-2021\/\",\"name\":\"Forum 2021 - cinefest.de\",\"isPartOf\":{\"@id\":\"https:\/\/cinefest.de\/#website\"},\"datePublished\":\"2022-01-11T13:50:23+00:00\",\"dateModified\":\"2022-11-04T13:11:20+00:00\",\"breadcrumb\":{\"@id\":\"https:\/\/cinefest.de\/festival\/archiv\/foren-2021\/#breadcrumb\"},\"inLanguage\":\"en-US\",\"potentialAction\":[{\"@type\":\"ReadAction\",\"target\":[\"https:\/\/cinefest.de\/festival\/archiv\/foren-2021\/\"]}]},{\"@type\":\"BreadcrumbList\",\"@id\":\"https:\/\/cinefest.de\/festival\/archiv\/foren-2021\/#breadcrumb\",\"itemListElement\":[{\"@type\":\"ListItem\",\"position\":1,\"name\":\"Startseite\",\"item\":\"https:\/\/cinefest.de\/en\/home\/\"},{\"@type\":\"ListItem\",\"position\":2,\"name\":\"Festival\",\"item\":\"https:\/\/cinefest.de\/festival\/\"},{\"@type\":\"ListItem\",\"position\":3,\"name\":\"Archiv\",\"item\":\"https:\/\/cinefest.de\/festival\/archiv\/\"},{\"@type\":\"ListItem\",\"position\":4,\"name\":\"Forum 2021\"}]},{\"@type\":\"WebSite\",\"@id\":\"https:\/\/cinefest.de\/#website\",\"url\":\"https:\/\/cinefest.de\/\",\"name\":\"cinefest.de\",\"description\":\"Hamburg | Berlin | Gorizia | Prag | Wien | Wiesbaden | Z\u00fcrich\",\"publisher\":{\"@id\":\"https:\/\/cinefest.de\/#organization\"},\"potentialAction\":[{\"@type\":\"SearchAction\",\"target\":{\"@type\":\"EntryPoint\",\"urlTemplate\":\"https:\/\/cinefest.de\/?s={search_term_string}\"},\"query-input\":{\"@type\":\"PropertyValueSpecification\",\"valueRequired\":true,\"valueName\":\"search_term_string\"}}],\"inLanguage\":\"en-US\"},{\"@type\":\"Organization\",\"@id\":\"https:\/\/cinefest.de\/#organization\",\"name\":\"cinefest.de\",\"url\":\"https:\/\/cinefest.de\/\",\"logo\":{\"@type\":\"ImageObject\",\"inLanguage\":\"en-US\",\"@id\":\"https:\/\/cinefest.de\/#\/schema\/logo\/image\/\",\"url\":\"https:\/\/cinefest.de\/wp-content\/uploads\/2020\/10\/cropped-cinefest_Logo_RGB.png\",\"contentUrl\":\"https:\/\/cinefest.de\/wp-content\/uploads\/2020\/10\/cropped-cinefest_Logo_RGB.png\",\"width\":2528,\"height\":1262,\"caption\":\"cinefest.de\"},\"image\":{\"@id\":\"https:\/\/cinefest.de\/#\/schema\/logo\/image\/\"}}]}<\/script>\n<!-- \/ Yoast SEO plugin. -->","yoast_head_json":{"title":"Forum 2021 - cinefest.de","robots":{"index":"index","follow":"follow","max-snippet":"max-snippet:-1","max-image-preview":"max-image-preview:large","max-video-preview":"max-video-preview:-1"},"canonical":"https:\/\/cinefest.de\/festival\/archiv\/foren-2021\/","og_locale":"en_US","og_type":"article","og_title":"Forum 2021 - cinefest.de","og_description":"cine-Forum: Discussion with enthutiasts and experts 13 November 2021, 11 a.m. &#8211; 1 p.m. at Metropolis Cinemaand online Free Admission The event will be held in English! Analog with distanceFilm&hellip;&nbsp;Read More &raquo;Forum 2021","og_url":"https:\/\/cinefest.de\/festival\/archiv\/foren-2021\/","og_site_name":"cinefest.de","article_modified_time":"2022-11-04T13:11:20+00:00","twitter_card":"summary_large_image","twitter_misc":{"Est. reading time":"2 minutes"},"schema":{"@context":"https:\/\/schema.org","@graph":[{"@type":"WebPage","@id":"https:\/\/cinefest.de\/festival\/archiv\/foren-2021\/","url":"https:\/\/cinefest.de\/festival\/archiv\/foren-2021\/","name":"Forum 2021 - cinefest.de","isPartOf":{"@id":"https:\/\/cinefest.de\/#website"},"datePublished":"2022-01-11T13:50:23+00:00","dateModified":"2022-11-04T13:11:20+00:00","breadcrumb":{"@id":"https:\/\/cinefest.de\/festival\/archiv\/foren-2021\/#breadcrumb"},"inLanguage":"en-US","potentialAction":[{"@type":"ReadAction","target":["https:\/\/cinefest.de\/festival\/archiv\/foren-2021\/"]}]},{"@type":"BreadcrumbList","@id":"https:\/\/cinefest.de\/festival\/archiv\/foren-2021\/#breadcrumb","itemListElement":[{"@type":"ListItem","position":1,"name":"Startseite","item":"https:\/\/cinefest.de\/en\/home\/"},{"@type":"ListItem","position":2,"name":"Festival","item":"https:\/\/cinefest.de\/festival\/"},{"@type":"ListItem","position":3,"name":"Archiv","item":"https:\/\/cinefest.de\/festival\/archiv\/"},{"@type":"ListItem","position":4,"name":"Forum 2021"}]},{"@type":"WebSite","@id":"https:\/\/cinefest.de\/#website","url":"https:\/\/cinefest.de\/","name":"cinefest.de","description":"Hamburg | Berlin | Gorizia | Prag | Wien | Wiesbaden | Z\u00fcrich","publisher":{"@id":"https:\/\/cinefest.de\/#organization"},"potentialAction":[{"@type":"SearchAction","target":{"@type":"EntryPoint","urlTemplate":"https:\/\/cinefest.de\/?s={search_term_string}"},"query-input":{"@type":"PropertyValueSpecification","valueRequired":true,"valueName":"search_term_string"}}],"inLanguage":"en-US"},{"@type":"Organization","@id":"https:\/\/cinefest.de\/#organization","name":"cinefest.de","url":"https:\/\/cinefest.de\/","logo":{"@type":"ImageObject","inLanguage":"en-US","@id":"https:\/\/cinefest.de\/#\/schema\/logo\/image\/","url":"https:\/\/cinefest.de\/wp-content\/uploads\/2020\/10\/cropped-cinefest_Logo_RGB.png","contentUrl":"https:\/\/cinefest.de\/wp-content\/uploads\/2020\/10\/cropped-cinefest_Logo_RGB.png","width":2528,"height":1262,"caption":"cinefest.de"},"image":{"@id":"https:\/\/cinefest.de\/#\/schema\/logo\/image\/"}}]}},"_links":{"self":[{"href":"https:\/\/cinefest.de\/en\/wp-json\/wp\/v2\/pages\/6173","targetHints":{"allow":["GET"]}}],"collection":[{"href":"https:\/\/cinefest.de\/en\/wp-json\/wp\/v2\/pages"}],"about":[{"href":"https:\/\/cinefest.de\/en\/wp-json\/wp\/v2\/types\/page"}],"author":[{"embeddable":true,"href":"https:\/\/cinefest.de\/en\/wp-json\/wp\/v2\/users\/1"}],"replies":[{"embeddable":true,"href":"https:\/\/cinefest.de\/en\/wp-json\/wp\/v2\/comments?post=6173"}],"version-history":[{"count":0,"href":"https:\/\/cinefest.de\/en\/wp-json\/wp\/v2\/pages\/6173\/revisions"}],"up":[{"embeddable":true,"href":"https:\/\/cinefest.de\/en\/wp-json\/wp\/v2\/pages\/780"}],"wp:attachment":[{"href":"https:\/\/cinefest.de\/en\/wp-json\/wp\/v2\/media?parent=6173"}],"wp:term":[{"taxonomy":"folder","embeddable":true,"href":"https:\/\/cinefest.de\/en\/wp-json\/wp\/v2\/folder?post=6173"}],"curies":[{"name":"wp","href":"https:\/\/api.w.org\/{rel}","templated":true}]}}