{"id":6155,"date":"2022-01-11T14:36:07","date_gmt":"2022-01-11T13:36:07","guid":{"rendered":"https:\/\/cinefest.de\/festival\/archive\/cinefest-2021\/"},"modified":"2022-01-11T14:36:08","modified_gmt":"2022-01-11T13:36:08","slug":"cinefest-2021","status":"publish","type":"page","link":"https:\/\/cinefest.de\/en\/festival\/archive\/cinefest-2021\/","title":{"rendered":"cinefest 2021"},"content":{"rendered":"\t\t<div data-elementor-type=\"wp-page\" data-elementor-id=\"6155\" class=\"elementor elementor-6155 elementor-6064\">\n\t\t\t\t\t\t<section class=\"elementor-section elementor-top-section elementor-element elementor-element-e58679a elementor-section-boxed elementor-section-height-default elementor-section-height-default\" data-id=\"e58679a\" data-element_type=\"section\" data-e-type=\"section\">\n\t\t\t\t\t\t<div class=\"elementor-container elementor-column-gap-default\">\n\t\t\t\t\t<div class=\"elementor-column elementor-col-100 elementor-top-column elementor-element elementor-element-611d14b\" data-id=\"611d14b\" data-element_type=\"column\" data-e-type=\"column\">\n\t\t\t<div class=\"elementor-widget-wrap elementor-element-populated\">\n\t\t\t\t\t\t<div class=\"elementor-element elementor-element-8cd4386 elementor-widget elementor-widget-spacer\" data-id=\"8cd4386\" data-element_type=\"widget\" data-e-type=\"widget\" data-widget_type=\"spacer.default\">\n\t\t\t\t<div class=\"elementor-widget-container\">\n\t\t\t\t\t\t\t<div class=\"elementor-spacer\">\n\t\t\t<div class=\"elementor-spacer-inner\"><\/div>\n\t\t<\/div>\n\t\t\t\t\t\t<\/div>\n\t\t\t\t<\/div>\n\t\t\t\t<div class=\"elementor-element elementor-element-11005bf elementor-widget elementor-widget-heading\" data-id=\"11005bf\" data-element_type=\"widget\" data-e-type=\"widget\" data-widget_type=\"heading.default\">\n\t\t\t\t<div class=\"elementor-widget-container\">\n\t\t\t\t\t<h2 class=\"elementor-heading-title elementor-size-default\">18th cinefest - International Festival of German Film Heritage<\/h2>\t\t\t\t<\/div>\n\t\t\t\t<\/div>\n\t\t\t\t<div class=\"elementor-element elementor-element-e59a4af elementor-widget elementor-widget-heading\" data-id=\"e59a4af\" data-element_type=\"widget\" data-e-type=\"widget\" data-widget_type=\"heading.default\">\n\t\t\t\t<div class=\"elementor-widget-container\">\n\t\t\t\t\t<h3 class=\"elementor-heading-title elementor-size-default\">Go West! Eastern European Filmmakers in Western Europe<\/h3>\t\t\t\t<\/div>\n\t\t\t\t<\/div>\n\t\t\t\t<div class=\"elementor-element elementor-element-7ca6db1 elementor-widget elementor-widget-heading\" data-id=\"7ca6db1\" data-element_type=\"widget\" data-e-type=\"widget\" data-widget_type=\"heading.default\">\n\t\t\t\t<div class=\"elementor-widget-container\">\n\t\t\t\t\t<h4 class=\"elementor-heading-title elementor-size-default\">12 - 21 November 2021<\/h4>\t\t\t\t<\/div>\n\t\t\t\t<\/div>\n\t\t\t\t<div class=\"elementor-element elementor-element-5e5dc98 elementor-widget elementor-widget-heading\" data-id=\"5e5dc98\" data-element_type=\"widget\" data-e-type=\"widget\" data-widget_type=\"heading.default\">\n\t\t\t\t<div class=\"elementor-widget-container\">\n\t\t\t\t\t<h5 class=\"elementor-heading-title elementor-size-default\">Online Workshop: 6. Mai 2021<\/h5>\t\t\t\t<\/div>\n\t\t\t\t<\/div>\n\t\t\t\t<div class=\"elementor-element elementor-element-94dbe36 elementor-widget elementor-widget-image\" data-id=\"94dbe36\" data-element_type=\"widget\" data-e-type=\"widget\" data-widget_type=\"image.default\">\n\t\t\t\t<div class=\"elementor-widget-container\">\n\t\t\t\t\t\t\t\t\t\t\t\t<figure class=\"wp-caption\">\n\t\t\t\t\t\t\t\t\t\t<img fetchpriority=\"high\" decoding=\"async\" width=\"555\" height=\"549\" src=\"https:\/\/cinefest.de\/wp-content\/uploads\/2021\/02\/Slatan-Dudow_Christine_cut\u00a9DEFA-StiftungHerbert-Kroiss-Waltraut-Pathenheimer.gif\" class=\"attachment-medium_large size-medium_large wp-image-2832\" alt=\"Slatn Dudow\" \/>\t\t\t\t\t\t\t\t\t\t\t<figcaption class=\"widget-image-caption wp-caption-text\">Slatan Dudow during shooting of CHRISTINE (1963) \u00a9DEFA-Stiftung\/Herbert Kroiss, Waltraut Pathenheimer<\/figcaption>\n\t\t\t\t\t\t\t\t\t\t<\/figure>\n\t\t\t\t\t\t\t\t\t<\/div>\n\t\t\t\t<\/div>\n\t\t\t\t\t<\/div>\n\t\t<\/div>\n\t\t\t\t\t<\/div>\n\t\t<\/section>\n\t\t\t\t<section class=\"elementor-section elementor-top-section elementor-element elementor-element-469d71c elementor-section-boxed elementor-section-height-default elementor-section-height-default\" data-id=\"469d71c\" data-element_type=\"section\" data-e-type=\"section\">\n\t\t\t\t\t\t<div class=\"elementor-container elementor-column-gap-default\">\n\t\t\t\t\t<div class=\"elementor-column elementor-col-100 elementor-top-column elementor-element elementor-element-948bb39\" data-id=\"948bb39\" data-element_type=\"column\" data-e-type=\"column\">\n\t\t\t<div class=\"elementor-widget-wrap elementor-element-populated\">\n\t\t\t\t\t\t<div class=\"elementor-element elementor-element-817648a elementor-widget elementor-widget-text-editor\" data-id=\"817648a\" data-element_type=\"widget\" data-e-type=\"widget\" data-widget_type=\"text-editor.default\">\n\t\t\t\t<div class=\"elementor-widget-container\">\n\t\t\t\t\t\t\t\t\t<p>In recent decades, the fate of Eastern and Central European, Jewish filmmakers who, while working in the German speaking film industry were driven into exile by the Nazi&#8217;s racism, has been relatively well researched \u2013 not in the least through CineGraph and <i>cinefest<\/i>. But in addition there are countless filmmakers of all trades from Eastern and Central Europe who worked in Western Europe in the 20th century; whose careers have been far less researched. They migrated not only in reaction to political upheavals (from the \u201cOctober Revolution\u201d up to the end of the Prague Spring), but also to improve their professional opportunities. Their careers and experiences in the west spanned a diverse spectrum of both success and failure.<br \/>One example, Latvian actress Marija Leiko travelled from Riga (then Russian Empire) to Germany, where she became a star in silent film. As sound films became the market standard, her film career ended and she returned to Riga. During the Stalinist terror, she was shot by the NKVD in 1938 (rehabilitated in 1957). Her partner Janis Guters (Johannes Guter), with whom she had come to Berlin, worked in the theater until he made his debut as a film director in 1917. He directed numerous films in Weimar cinema, then stayed in Nazi Germany and ended his film career with a series of &#8220;Tran und Helle&#8221; propaganda shorts. He died in the GDR in 1962.<br \/>After the founding of the Soviet Union, numerous Polish and Ukrainian filmmakers (from the Russian Tsarist Empire) were faced with the choice of either continuing to work under the strong influence of Moscow or go West. The rift even ran through families: while David Kaufman (Dziga Vertov) became a major representative of Soviet documentary film \u2013 supported by his brother Mihail as his cameraman, his other brother Boris went to Paris via Berlin in 1917 and eventually won an Oscar as director of photography.<br \/>After 1917, Russian set designer and film architect Andrej Andrejev decorated numerous important films in Berlin (<b>THE 3 PENNY OPERA<\/b>), London, and Paris. After having worked closely with the German occupation company Continental (<b>LE CORBEAU<\/b>) during World War II, he no longer received commissions in France and went to England (<b>THE MAN BETWEEN<\/b>) and the Federal Republic of Germany (MADELEINE UND DER LEGION\u00c4R). His colleague Jacek (Jacques) Rotmil worked widely in the German film industry (more than 150 films) and from 1932 in Poland. After the German invasion, he went underground and was shot in 1944.<br \/>Possible candidates from Czechoslovakia with interesting careers are producer Milo\u0161 Havel, writer &amp; director Franti\u0161ek \u010c\u00e1p, director Stanislav Barabas or cinematographer Igor Luther, whose biographies can be used to illustrate the different political relationships between the German Reich, Czechoslovakia, the &#8220;Protectorate of Bohemia and Moravia&#8221; and the Federal Republic.<br \/>The DEFA Foundation is currently working on the work of Slatan Dudov (1903, Bulgaria &#8211; 1963, GDR). It includes about 10 films, which &#8211; as well as his career in the Weimar Republic, in France and in the GDR &#8211; will be a focus at cinefest.<br \/>In cooperation with colleagues from Eastern European film institutes and archives (e.g. in Riga and Kiev), we are researching numerous &#8220;fractured&#8221; careers of filmmakers from Eastern and Central Europe to Western Europe. We will present an interesting in-depth cross-section of such largely forgotten filmmakers at cinefest 2021.<\/p>\n\t\t\t\t\t\t\t\t<\/div>\n\t\t\t\t<\/div>\n\t\t\t\t\t<\/div>\n\t\t<\/div>\n\t\t\t\t\t<\/div>\n\t\t<\/section>\n\t\t\t\t<section class=\"elementor-section elementor-top-section elementor-element elementor-element-5c0c5f6 elementor-section-boxed elementor-section-height-default elementor-section-height-default\" data-id=\"5c0c5f6\" data-element_type=\"section\" data-e-type=\"section\">\n\t\t\t\t\t\t<div class=\"elementor-container elementor-column-gap-default\">\n\t\t\t\t\t<div class=\"elementor-column elementor-col-50 elementor-top-column elementor-element elementor-element-75d0ca3\" data-id=\"75d0ca3\" data-element_type=\"column\" data-e-type=\"column\">\n\t\t\t<div class=\"elementor-widget-wrap elementor-element-populated\">\n\t\t\t\t\t\t<div class=\"elementor-element elementor-element-a374ccc elementor-position-top elementor-widget elementor-widget-image-box\" data-id=\"a374ccc\" data-element_type=\"widget\" data-e-type=\"widget\" data-widget_type=\"image-box.default\">\n\t\t\t\t<div class=\"elementor-widget-container\">\n\t\t\t\t\t<div class=\"elementor-image-box-wrapper\"><figure class=\"elementor-image-box-img\"><a href=\"https:\/\/cinefest.de\/festival\/shop-cinefest-2020\/\" tabindex=\"-1\"><img decoding=\"async\" width=\"2560\" height=\"2560\" src=\"https:\/\/cinefest.de\/wp-content\/uploads\/2021\/10\/cf21_Kat_210x210_Cover-scaled.jpg\" class=\"elementor-animation-grow attachment-full size-full wp-image-4383\" alt=\"cinefest 2021 catalog Cover\" srcset=\"https:\/\/cinefest.de\/wp-content\/uploads\/2021\/10\/cf21_Kat_210x210_Cover-scaled.jpg 2560w, https:\/\/cinefest.de\/wp-content\/uploads\/2021\/10\/cf21_Kat_210x210_Cover-300x300.jpg 300w, https:\/\/cinefest.de\/wp-content\/uploads\/2021\/10\/cf21_Kat_210x210_Cover-1024x1024.jpg 1024w, https:\/\/cinefest.de\/wp-content\/uploads\/2021\/10\/cf21_Kat_210x210_Cover-150x150.jpg 150w, https:\/\/cinefest.de\/wp-content\/uploads\/2021\/10\/cf21_Kat_210x210_Cover-768x768.jpg 768w, https:\/\/cinefest.de\/wp-content\/uploads\/2021\/10\/cf21_Kat_210x210_Cover-1536x1536.jpg 1536w\" sizes=\"(max-width: 2560px) 100vw, 2560px\" \/><\/a><\/figure><div class=\"elementor-image-box-content\"><h3 class=\"elementor-image-box-title\"><a href=\"https:\/\/cinefest.de\/festival\/shop-cinefest-2020\/\">cinefest catalog 2021<\/a><\/h3><p class=\"elementor-image-box-description\">A detailed catalog with reviews and materials on the films and themes of the festival is published for <i>cinefest<\/i><\/p><\/div><\/div>\t\t\t\t<\/div>\n\t\t\t\t<\/div>\n\t\t\t\t\t<\/div>\n\t\t<\/div>\n\t\t\t\t<div class=\"elementor-column elementor-col-50 elementor-top-column elementor-element elementor-element-41ca1d5\" data-id=\"41ca1d5\" data-element_type=\"column\" data-e-type=\"column\">\n\t\t\t<div class=\"elementor-widget-wrap elementor-element-populated\">\n\t\t\t\t\t\t<div class=\"elementor-element elementor-element-2f405dc elementor-widget elementor-widget-text-editor\" data-id=\"2f405dc\" data-element_type=\"widget\" data-e-type=\"widget\" data-widget_type=\"text-editor.default\">\n\t\t\t\t<div class=\"elementor-widget-container\">\n\t\t\t\t\t\t\t\t\t<p>Integraler Bestandteil des Festivals ist der <strong><a href=\"https:\/\/cinefest.de\/festival\/archiv\/kongress-2021\/\">34th International Film History Conference<\/a>.<\/strong><\/p>\n<p><a href=\"https:\/\/cinefest.de\/festival\/archiv\/foren-2021\/\"><strong>Discussion forums<\/strong><\/a> on current and archival topics accompany <em>cinefest<\/em><\/p>\n\t\t\t\t\t\t\t\t<\/div>\n\t\t\t\t<\/div>\n\t\t\t\t\t<\/div>\n\t\t<\/div>\n\t\t\t\t\t<\/div>\n\t\t<\/section>\n\t\t\t\t<\/div>\n\t\t","protected":false},"excerpt":{"rendered":"<p>18th cinefest &#8211; International Festival of German Film Heritage Go West! Eastern European Filmmakers in Western Europe 12 &#8211; 21 November 2021 Online Workshop: 6. Mai 2021 Slatan Dudow during&hellip;&nbsp;<a href=\"https:\/\/cinefest.de\/en\/festival\/archive\/cinefest-2021\/\" rel=\"bookmark\">Read More &raquo;<span class=\"screen-reader-text\">cinefest 2021<\/span><\/a><\/p>\n","protected":false},"author":1,"featured_media":0,"parent":780,"menu_order":0,"comment_status":"closed","ping_status":"closed","template":"page-templates\/template-pagebuilder-full-width.php","meta":{"neve_meta_sidebar":"","neve_meta_container":"","neve_meta_enable_content_width":"","neve_meta_content_width":0,"neve_meta_title_alignment":"","neve_meta_author_avatar":"","neve_post_elements_order":"","neve_meta_disable_header":"","neve_meta_disable_footer":"","neve_meta_disable_title":"","neve_meta_reading_time":"","_themeisle_gutenberg_block_has_review":false,"footnotes":""},"folder":[154],"class_list":["post-6155","page","type-page","status-publish","hentry"],"yoast_head":"<!-- This site is optimized with the Yoast SEO plugin v27.2 - https:\/\/yoast.com\/product\/yoast-seo-wordpress\/ -->\n<title>cinefest 2021 - cinefest.de<\/title>\n<meta name=\"robots\" content=\"index, follow, max-snippet:-1, max-image-preview:large, max-video-preview:-1\" \/>\n<link rel=\"canonical\" href=\"https:\/\/cinefest.de\/festival\/archiv\/cinefest-2021\/\" \/>\n<meta property=\"og:locale\" content=\"en_US\" \/>\n<meta property=\"og:type\" content=\"article\" \/>\n<meta property=\"og:title\" content=\"cinefest 2021 - cinefest.de\" \/>\n<meta property=\"og:description\" content=\"18th cinefest &#8211; International Festival of German Film Heritage Go West! Eastern European Filmmakers in Western Europe 12 &#8211; 21 November 2021 Online Workshop: 6. Mai 2021 Slatan Dudow during&hellip;&nbsp;Read More &raquo;cinefest 2021\" \/>\n<meta property=\"og:url\" content=\"https:\/\/cinefest.de\/festival\/archiv\/cinefest-2021\/\" \/>\n<meta property=\"og:site_name\" content=\"cinefest.de\" \/>\n<meta property=\"article:modified_time\" content=\"2022-01-11T13:36:08+00:00\" \/>\n<meta property=\"og:image\" content=\"https:\/\/cinefest.de\/wp-content\/uploads\/2021\/02\/Slatan-Dudow_Christine_cut\u00a9DEFA-StiftungHerbert-Kroiss-Waltraut-Pathenheimer.gif\" \/>\n<meta name=\"twitter:card\" content=\"summary_large_image\" \/>\n<meta name=\"twitter:label1\" content=\"Est. reading time\" \/>\n\t<meta name=\"twitter:data1\" content=\"3 minutes\" \/>\n<script type=\"application\/ld+json\" class=\"yoast-schema-graph\">{\"@context\":\"https:\/\/schema.org\",\"@graph\":[{\"@type\":\"WebPage\",\"@id\":\"https:\/\/cinefest.de\/festival\/archiv\/cinefest-2021\/\",\"url\":\"https:\/\/cinefest.de\/festival\/archiv\/cinefest-2021\/\",\"name\":\"cinefest 2021 - cinefest.de\",\"isPartOf\":{\"@id\":\"https:\/\/cinefest.de\/#website\"},\"primaryImageOfPage\":{\"@id\":\"https:\/\/cinefest.de\/festival\/archiv\/cinefest-2021\/#primaryimage\"},\"image\":{\"@id\":\"https:\/\/cinefest.de\/festival\/archiv\/cinefest-2021\/#primaryimage\"},\"thumbnailUrl\":\"https:\/\/cinefest.de\/wp-content\/uploads\/2021\/10\/cf21_Kat_210x210_Cover-scaled.jpg\",\"datePublished\":\"2022-01-11T13:36:07+00:00\",\"dateModified\":\"2022-01-11T13:36:08+00:00\",\"breadcrumb\":{\"@id\":\"https:\/\/cinefest.de\/festival\/archiv\/cinefest-2021\/#breadcrumb\"},\"inLanguage\":\"en-US\",\"potentialAction\":[{\"@type\":\"ReadAction\",\"target\":[\"https:\/\/cinefest.de\/festival\/archiv\/cinefest-2021\/\"]}]},{\"@type\":\"ImageObject\",\"inLanguage\":\"en-US\",\"@id\":\"https:\/\/cinefest.de\/festival\/archiv\/cinefest-2021\/#primaryimage\",\"url\":\"https:\/\/cinefest.de\/wp-content\/uploads\/2021\/10\/cf21_Kat_210x210_Cover-scaled.jpg\",\"contentUrl\":\"https:\/\/cinefest.de\/wp-content\/uploads\/2021\/10\/cf21_Kat_210x210_Cover-scaled.jpg\"},{\"@type\":\"BreadcrumbList\",\"@id\":\"https:\/\/cinefest.de\/festival\/archiv\/cinefest-2021\/#breadcrumb\",\"itemListElement\":[{\"@type\":\"ListItem\",\"position\":1,\"name\":\"Startseite\",\"item\":\"https:\/\/cinefest.de\/en\/home\/\"},{\"@type\":\"ListItem\",\"position\":2,\"name\":\"Festival\",\"item\":\"https:\/\/cinefest.de\/festival\/\"},{\"@type\":\"ListItem\",\"position\":3,\"name\":\"Archiv\",\"item\":\"https:\/\/cinefest.de\/festival\/archiv\/\"},{\"@type\":\"ListItem\",\"position\":4,\"name\":\"cinefest 2021\"}]},{\"@type\":\"WebSite\",\"@id\":\"https:\/\/cinefest.de\/#website\",\"url\":\"https:\/\/cinefest.de\/\",\"name\":\"cinefest.de\",\"description\":\"Hamburg | Berlin | Gorizia | Prag | Wien | Wiesbaden | Z\u00fcrich\",\"publisher\":{\"@id\":\"https:\/\/cinefest.de\/#organization\"},\"potentialAction\":[{\"@type\":\"SearchAction\",\"target\":{\"@type\":\"EntryPoint\",\"urlTemplate\":\"https:\/\/cinefest.de\/?s={search_term_string}\"},\"query-input\":{\"@type\":\"PropertyValueSpecification\",\"valueRequired\":true,\"valueName\":\"search_term_string\"}}],\"inLanguage\":\"en-US\"},{\"@type\":\"Organization\",\"@id\":\"https:\/\/cinefest.de\/#organization\",\"name\":\"cinefest.de\",\"url\":\"https:\/\/cinefest.de\/\",\"logo\":{\"@type\":\"ImageObject\",\"inLanguage\":\"en-US\",\"@id\":\"https:\/\/cinefest.de\/#\/schema\/logo\/image\/\",\"url\":\"https:\/\/cinefest.de\/wp-content\/uploads\/2020\/10\/cropped-cinefest_Logo_RGB.png\",\"contentUrl\":\"https:\/\/cinefest.de\/wp-content\/uploads\/2020\/10\/cropped-cinefest_Logo_RGB.png\",\"width\":2528,\"height\":1262,\"caption\":\"cinefest.de\"},\"image\":{\"@id\":\"https:\/\/cinefest.de\/#\/schema\/logo\/image\/\"}}]}<\/script>\n<!-- \/ Yoast SEO plugin. -->","yoast_head_json":{"title":"cinefest 2021 - cinefest.de","robots":{"index":"index","follow":"follow","max-snippet":"max-snippet:-1","max-image-preview":"max-image-preview:large","max-video-preview":"max-video-preview:-1"},"canonical":"https:\/\/cinefest.de\/festival\/archiv\/cinefest-2021\/","og_locale":"en_US","og_type":"article","og_title":"cinefest 2021 - cinefest.de","og_description":"18th cinefest &#8211; International Festival of German Film Heritage Go West! Eastern European Filmmakers in Western Europe 12 &#8211; 21 November 2021 Online Workshop: 6. Mai 2021 Slatan Dudow during&hellip;&nbsp;Read More &raquo;cinefest 2021","og_url":"https:\/\/cinefest.de\/festival\/archiv\/cinefest-2021\/","og_site_name":"cinefest.de","article_modified_time":"2022-01-11T13:36:08+00:00","og_image":[{"url":"https:\/\/cinefest.de\/wp-content\/uploads\/2021\/02\/Slatan-Dudow_Christine_cut\u00a9DEFA-StiftungHerbert-Kroiss-Waltraut-Pathenheimer.gif","type":"","width":"","height":""}],"twitter_card":"summary_large_image","twitter_misc":{"Est. reading time":"3 minutes"},"schema":{"@context":"https:\/\/schema.org","@graph":[{"@type":"WebPage","@id":"https:\/\/cinefest.de\/festival\/archiv\/cinefest-2021\/","url":"https:\/\/cinefest.de\/festival\/archiv\/cinefest-2021\/","name":"cinefest 2021 - cinefest.de","isPartOf":{"@id":"https:\/\/cinefest.de\/#website"},"primaryImageOfPage":{"@id":"https:\/\/cinefest.de\/festival\/archiv\/cinefest-2021\/#primaryimage"},"image":{"@id":"https:\/\/cinefest.de\/festival\/archiv\/cinefest-2021\/#primaryimage"},"thumbnailUrl":"https:\/\/cinefest.de\/wp-content\/uploads\/2021\/10\/cf21_Kat_210x210_Cover-scaled.jpg","datePublished":"2022-01-11T13:36:07+00:00","dateModified":"2022-01-11T13:36:08+00:00","breadcrumb":{"@id":"https:\/\/cinefest.de\/festival\/archiv\/cinefest-2021\/#breadcrumb"},"inLanguage":"en-US","potentialAction":[{"@type":"ReadAction","target":["https:\/\/cinefest.de\/festival\/archiv\/cinefest-2021\/"]}]},{"@type":"ImageObject","inLanguage":"en-US","@id":"https:\/\/cinefest.de\/festival\/archiv\/cinefest-2021\/#primaryimage","url":"https:\/\/cinefest.de\/wp-content\/uploads\/2021\/10\/cf21_Kat_210x210_Cover-scaled.jpg","contentUrl":"https:\/\/cinefest.de\/wp-content\/uploads\/2021\/10\/cf21_Kat_210x210_Cover-scaled.jpg"},{"@type":"BreadcrumbList","@id":"https:\/\/cinefest.de\/festival\/archiv\/cinefest-2021\/#breadcrumb","itemListElement":[{"@type":"ListItem","position":1,"name":"Startseite","item":"https:\/\/cinefest.de\/en\/home\/"},{"@type":"ListItem","position":2,"name":"Festival","item":"https:\/\/cinefest.de\/festival\/"},{"@type":"ListItem","position":3,"name":"Archiv","item":"https:\/\/cinefest.de\/festival\/archiv\/"},{"@type":"ListItem","position":4,"name":"cinefest 2021"}]},{"@type":"WebSite","@id":"https:\/\/cinefest.de\/#website","url":"https:\/\/cinefest.de\/","name":"cinefest.de","description":"Hamburg | Berlin | Gorizia | Prag | Wien | Wiesbaden | Z\u00fcrich","publisher":{"@id":"https:\/\/cinefest.de\/#organization"},"potentialAction":[{"@type":"SearchAction","target":{"@type":"EntryPoint","urlTemplate":"https:\/\/cinefest.de\/?s={search_term_string}"},"query-input":{"@type":"PropertyValueSpecification","valueRequired":true,"valueName":"search_term_string"}}],"inLanguage":"en-US"},{"@type":"Organization","@id":"https:\/\/cinefest.de\/#organization","name":"cinefest.de","url":"https:\/\/cinefest.de\/","logo":{"@type":"ImageObject","inLanguage":"en-US","@id":"https:\/\/cinefest.de\/#\/schema\/logo\/image\/","url":"https:\/\/cinefest.de\/wp-content\/uploads\/2020\/10\/cropped-cinefest_Logo_RGB.png","contentUrl":"https:\/\/cinefest.de\/wp-content\/uploads\/2020\/10\/cropped-cinefest_Logo_RGB.png","width":2528,"height":1262,"caption":"cinefest.de"},"image":{"@id":"https:\/\/cinefest.de\/#\/schema\/logo\/image\/"}}]}},"_links":{"self":[{"href":"https:\/\/cinefest.de\/en\/wp-json\/wp\/v2\/pages\/6155","targetHints":{"allow":["GET"]}}],"collection":[{"href":"https:\/\/cinefest.de\/en\/wp-json\/wp\/v2\/pages"}],"about":[{"href":"https:\/\/cinefest.de\/en\/wp-json\/wp\/v2\/types\/page"}],"author":[{"embeddable":true,"href":"https:\/\/cinefest.de\/en\/wp-json\/wp\/v2\/users\/1"}],"replies":[{"embeddable":true,"href":"https:\/\/cinefest.de\/en\/wp-json\/wp\/v2\/comments?post=6155"}],"version-history":[{"count":0,"href":"https:\/\/cinefest.de\/en\/wp-json\/wp\/v2\/pages\/6155\/revisions"}],"up":[{"embeddable":true,"href":"https:\/\/cinefest.de\/en\/wp-json\/wp\/v2\/pages\/780"}],"wp:attachment":[{"href":"https:\/\/cinefest.de\/en\/wp-json\/wp\/v2\/media?parent=6155"}],"wp:term":[{"taxonomy":"folder","embeddable":true,"href":"https:\/\/cinefest.de\/en\/wp-json\/wp\/v2\/folder?post=6155"}],"curies":[{"name":"wp","href":"https:\/\/api.w.org\/{rel}","templated":true}]}}